{"id":6891,"date":"2023-11-13T07:10:19","date_gmt":"2023-11-13T12:10:19","guid":{"rendered":"https:\/\/expressionsproducts.com\/about-us\/"},"modified":"2025-11-26T22:28:25","modified_gmt":"2025-11-27T03:28:25","slug":"qui-sommes-nous","status":"publish","type":"page","link":"https:\/\/expressionspromoproducts.com\/fr\/qui-sommes-nous\/","title":{"rendered":"Qui sommes-nous"},"content":{"rendered":"\t\t<div data-elementor-type=\"wp-page\" data-elementor-id=\"6891\" class=\"elementor elementor-6891 elementor-5706\" data-elementor-settings=\"[]\">\n\t\t\t\t\t\t\t<div class=\"elementor-section-wrap\">\n\t\t\t\t\t\t\t<section class=\"elementor-section elementor-top-section elementor-element elementor-element-61f11cb elementor-section-boxed elementor-section-height-default elementor-section-height-default\" data-id=\"61f11cb\" data-element_type=\"section\" data-settings=\"{&quot;background_background&quot;:&quot;classic&quot;}\">\n\t\t\t\t\t\t\t<div class=\"elementor-background-overlay\"><\/div>\n\t\t\t\t\t\t\t<div class=\"elementor-container elementor-column-gap-default\">\n\t\t\t\t\t<div class=\"elementor-column elementor-col-100 elementor-top-column elementor-element elementor-element-47afd2e\" data-id=\"47afd2e\" data-element_type=\"column\">\n\t\t\t<div class=\"elementor-widget-wrap elementor-element-populated\">\n\t\t\t\t\t\t\t\t<div class=\"elementor-element elementor-element-1f0e6a7 elementor-invisible elementor-widget elementor-widget-heading\" data-id=\"1f0e6a7\" data-element_type=\"widget\" data-settings=\"{&quot;_animation&quot;:&quot;fadeInDown&quot;}\" data-widget_type=\"heading.default\">\n\t\t\t\t<div class=\"elementor-widget-container\">\n\t\t\t<h2 class=\"elementor-heading-title elementor-size-default\">Qui sommes-nous<\/h2>\t\t<\/div>\n\t\t\t\t<\/div>\n\t\t\t\t\t<\/div>\n\t\t<\/div>\n\t\t\t\t\t\t\t<\/div>\n\t\t<\/section>\n\t\t\t\t<section class=\"elementor-section elementor-top-section elementor-element elementor-element-56c7fab0 elementor-section-boxed elementor-section-height-default elementor-section-height-default\" data-id=\"56c7fab0\" data-element_type=\"section\">\n\t\t\t\t\t\t<div class=\"elementor-container elementor-column-gap-default\">\n\t\t\t\t\t<div class=\"elementor-column elementor-col-100 elementor-top-column elementor-element elementor-element-563e47b5\" data-id=\"563e47b5\" data-element_type=\"column\">\n\t\t\t<div class=\"elementor-widget-wrap elementor-element-populated\">\n\t\t\t\t\t\t\t\t<section class=\"elementor-section elementor-inner-section elementor-element elementor-element-18d79c37 elementor-section-boxed elementor-section-height-default elementor-section-height-default\" data-id=\"18d79c37\" data-element_type=\"section\">\n\t\t\t\t\t\t<div class=\"elementor-container elementor-column-gap-default\">\n\t\t\t\t\t<div class=\"elementor-column elementor-col-100 elementor-inner-column elementor-element elementor-element-4a36c7b1\" data-id=\"4a36c7b1\" data-element_type=\"column\">\n\t\t\t<div class=\"elementor-widget-wrap elementor-element-populated\">\n\t\t\t\t\t\t\t\t<div class=\"elementor-element elementor-element-310b9356 elementor-invisible elementor-widget elementor-widget-heading\" data-id=\"310b9356\" data-element_type=\"widget\" data-settings=\"{&quot;_animation&quot;:&quot;fadeInUp&quot;}\" data-widget_type=\"heading.default\">\n\t\t\t\t<div class=\"elementor-widget-container\">\n\t\t\t<h2 class=\"elementor-heading-title elementor-size-default\">\u00c0 Propos des Produits Expressions<\/h2>\t\t<\/div>\n\t\t\t\t<\/div>\n\t\t\t\t\t<\/div>\n\t\t<\/div>\n\t\t\t\t\t\t\t<\/div>\n\t\t<\/section>\n\t\t\t\t<div class=\"elementor-element elementor-element-4b924126 elementor-widget elementor-widget-image\" data-id=\"4b924126\" data-element_type=\"widget\" data-widget_type=\"image.default\">\n\t\t\t\t<div class=\"elementor-widget-container\">\n\t\t\t\t\t\t\t\t\t\t\t\t\t\t\t<img loading=\"lazy\" decoding=\"async\" width=\"1000\" height=\"1000\" data-src=\"https:\/\/expressionspromoproducts.com\/wp-content\/uploads\/2023\/11\/EventBand.jpg\" class=\"attachment-full size-full lazyload\" alt=\"\" src=\"data:image\/gif;base64,R0lGODlhAQABAAAAACH5BAEKAAEALAAAAAABAAEAAAICTAEAOw==\" style=\"--smush-placeholder-width: 1000px; --smush-placeholder-aspect-ratio: 1000\/1000;\" \/><noscript><img loading=\"lazy\" decoding=\"async\" width=\"1000\" height=\"1000\" src=\"https:\/\/expressionspromoproducts.com\/wp-content\/uploads\/2023\/11\/EventBand.jpg\" class=\"attachment-full size-full\" alt=\"\" \/><\/noscript>\t\t\t\t\t\t\t\t\t\t\t\t\t\t\t<\/div>\n\t\t\t\t<\/div>\n\t\t\t\t<section class=\"elementor-section elementor-inner-section elementor-element elementor-element-484b9803 elementor-section-boxed elementor-section-height-default elementor-section-height-default\" data-id=\"484b9803\" data-element_type=\"section\">\n\t\t\t\t\t\t<div class=\"elementor-container elementor-column-gap-default\">\n\t\t\t\t\t<div class=\"elementor-column elementor-col-100 elementor-inner-column elementor-element elementor-element-33fe2518 elementor-invisible\" data-id=\"33fe2518\" data-element_type=\"column\" data-settings=\"{&quot;background_background&quot;:&quot;classic&quot;,&quot;animation&quot;:&quot;slideInLeft&quot;}\">\n\t\t\t<div class=\"elementor-widget-wrap elementor-element-populated\">\n\t\t\t\t\t\t\t\t<div class=\"elementor-element elementor-element-492f19e1 elementor-widget elementor-widget-heading\" data-id=\"492f19e1\" data-element_type=\"widget\" data-widget_type=\"heading.default\">\n\t\t\t\t<div class=\"elementor-widget-container\">\n\t\t\t<h2 class=\"elementor-heading-title elementor-size-default\">Notre Histoire<\/h2>\t\t<\/div>\n\t\t\t\t<\/div>\n\t\t\t\t<div class=\"elementor-element elementor-element-697a6050 elementor-widget-divider--view-line elementor-widget elementor-widget-divider\" data-id=\"697a6050\" data-element_type=\"widget\" data-widget_type=\"divider.default\">\n\t\t\t\t<div class=\"elementor-widget-container\">\n\t\t\t\t\t<div class=\"elementor-divider\">\n\t\t\t<span class=\"elementor-divider-separator\">\n\t\t\t\t\t\t<\/span>\n\t\t<\/div>\n\t\t\t\t<\/div>\n\t\t\t\t<\/div>\n\t\t\t\t<div class=\"elementor-element elementor-element-49fa9bd0 elementor-widget elementor-widget-text-editor\" data-id=\"49fa9bd0\" data-element_type=\"widget\" data-widget_type=\"text-editor.default\">\n\t\t\t\t<div class=\"elementor-widget-container\">\n\t\t\t\t\t\t\t<p>Depuis plus de 30 ans, Expressions Products est un leader reconnu dans la fabrication et l&#8217;importation d&#8217;articles sur mesure en m\u00e9tal, silicone et plastique pour les march\u00e9s promotionnels canadien et am\u00e9ricain.<\/p><p>Chez Expressions, nous donnons vie \u00e0 votre vision avec des \u00e9pinglettes, des porte-cl\u00e9s, des m\u00e9daillons et une vari\u00e9t\u00e9 de produits m\u00e9talliques haut de gamme personnalis\u00e9s, adapt\u00e9s \u00e0 votre prochaine campagne marketing. Vous n&#8217;avez pas d&#8217;illustration\u00a0? Pas de souci\u00a0! Notre talentueuse \u00e9quipe de designers vous offre des services de conception gratuits pour transformer vos id\u00e9es en cr\u00e9ations \u00e9poustouflantes. Avec un d\u00e9lai de livraison rapide de 10 \u00e0 20\u00a0jours, nos produits m\u00e9talliques de qualit\u00e9 joailli\u00e8re sont con\u00e7us pour impressionner.<\/p><p>D\u00e9couvrez notre collection vibrante en silicone et plastique, comprenant des bracelets, des accessoires pour t\u00e9l\u00e9phones, des porte-cl\u00e9s et des porte-cl\u00e9s. Avec de nouvelles couleurs audacieuses et d&#8217;innombrables options de personnalisation, ces produits sont parfaits pour les campagnes, les \u00e9v\u00e9nements ou les besoins de la vente au d\u00e9tail.<\/p><p>Faites passer les cordons \u00e0 un niveau sup\u00e9rieur gr\u00e2ce \u00e0 notre gamme diversifi\u00e9e d&#8217;options personnalisables, notamment des lacets phosphorescents, des laisses pour chiens, des attaches pour t\u00e9l\u00e9phones portables et des porte-bouteilles. D\u00e9couvrez des fa\u00e7ons originales et cr\u00e9atives de promouvoir votre marque.<\/p><p>Ne manquez pas cette occasion\u00a0: parcourez notre catalogue 2025, riche en id\u00e9es innovantes pour booster votre strat\u00e9gie marketing\u00a0!<\/p>\t\t\t\t\t\t<\/div>\n\t\t\t\t<\/div>\n\t\t\t\t<div class=\"elementor-element elementor-element-3e4ddb4a elementor-widget__width-auto elementor-view-default elementor-widget elementor-widget-icon\" data-id=\"3e4ddb4a\" data-element_type=\"widget\" data-widget_type=\"icon.default\">\n\t\t\t\t<div class=\"elementor-widget-container\">\n\t\t\t\t\t<div class=\"elementor-icon-wrapper\">\n\t\t\t<div class=\"elementor-icon\">\n\t\t\t<i aria-hidden=\"true\" class=\"oi oi-double-quote-serif-right\"><\/i>\t\t\t<\/div>\n\t\t<\/div>\n\t\t\t\t<\/div>\n\t\t\t\t<\/div>\n\t\t\t\t\t<\/div>\n\t\t<\/div>\n\t\t\t\t\t\t\t<\/div>\n\t\t<\/section>\n\t\t\t\t\t<\/div>\n\t\t<\/div>\n\t\t\t\t\t\t\t<\/div>\n\t\t<\/section>\n\t\t\t\t\t\t<\/div>\n\t\t\t\t\t<\/div>\n\t\t<div style=\"margin: 20px 0;\"><div class=\"qrcswholewtapper\" style=\"text-align:left;\"><div class=\"qrcprowrapper\"  id=\"qrcwraa2leds\"><div class=\"qrc_canvass\" id=\"qrc_cuttenpages_2\" style=\"display:inline-block\" data-text=\"https:\/\/expressionspromoproducts.com\/fr\/qui-sommes-nous\/\"><\/div><div><a download=\"Qui sommes-nous.png\" class=\"qrcdownloads\" id=\"worign\">\r\n           <button type=\"button\" style=\"min-width:600px;background:#44d813;color:#000;font-weight: 600;border: 1px solid #44d813;border-radius:20px;font-size:12px;padding: 6px 0;\" class=\"uqr_code_btn\">Download QR \ud83e\udc0b<\/button>\r\n           <\/a><\/div><\/div><\/div><\/div>","protected":false},"excerpt":{"rendered":"<p>Qui sommes-nous \u00c0 Propos des Produits Expressions Notre Histoire Depuis plus de 30 ans, Expressions Products est un leader reconnu dans la fabrication et l&#8217;importation d&#8217;articles sur mesure en m\u00e9tal, silicone et plastique pour les march\u00e9s promotionnels canadien et am\u00e9ricain. Chez Expressions, nous donnons vie \u00e0 votre vision avec des \u00e9pinglettes, des porte-cl\u00e9s, des m\u00e9daillons [&hellip;]<\/p>\n","protected":false},"author":1,"featured_media":6629,"parent":0,"menu_order":0,"comment_status":"closed","ping_status":"closed","template":"elementor_header_footer","meta":{"footnotes":""},"class_list":["post-6891","page","type-page","status-publish","has-post-thumbnail","hentry"],"yoast_head":"<!-- This site is optimized with the Yoast SEO plugin v24.3 - https:\/\/yoast.com\/wordpress\/plugins\/seo\/ -->\n<title>Qui sommes-nous | Expressions Products<\/title>\n<meta name=\"robots\" content=\"index, follow, max-snippet:-1, max-image-preview:large, max-video-preview:-1\" \/>\n<link rel=\"canonical\" href=\"https:\/\/expressionspromoproducts.com\/fr\/qui-sommes-nous\/\" \/>\n<meta property=\"og:locale\" content=\"fr_FR\" \/>\n<meta property=\"og:type\" content=\"article\" \/>\n<meta property=\"og:title\" content=\"Qui sommes-nous | Expressions Products\" \/>\n<meta property=\"og:description\" content=\"Qui sommes-nous \u00c0 Propos des Produits Expressions Notre Histoire Depuis plus de 30 ans, Expressions Products est un leader reconnu dans la fabrication et l&#8217;importation d&#8217;articles sur mesure en m\u00e9tal, silicone et plastique pour les march\u00e9s promotionnels canadien et am\u00e9ricain. Chez Expressions, nous donnons vie \u00e0 votre vision avec des \u00e9pinglettes, des porte-cl\u00e9s, des m\u00e9daillons [&hellip;]\" \/>\n<meta property=\"og:url\" content=\"https:\/\/expressionspromoproducts.com\/fr\/qui-sommes-nous\/\" \/>\n<meta property=\"og:site_name\" content=\"Expressions Products\" \/>\n<meta property=\"article:modified_time\" content=\"2025-11-27T03:28:25+00:00\" \/>\n<meta property=\"og:image\" content=\"https:\/\/expressionspromoproducts.com\/wp-content\/uploads\/2023\/11\/EventBand.jpg\" \/>\n\t<meta property=\"og:image:width\" content=\"1000\" \/>\n\t<meta property=\"og:image:height\" content=\"1000\" \/>\n\t<meta property=\"og:image:type\" content=\"image\/jpeg\" \/>\n<meta name=\"twitter:card\" content=\"summary_large_image\" \/>\n<meta name=\"twitter:label1\" content=\"Est. reading time\" \/>\n\t<meta name=\"twitter:data1\" content=\"2 minutes\" \/>\n<script type=\"application\/ld+json\" class=\"yoast-schema-graph\">{\"@context\":\"https:\/\/schema.org\",\"@graph\":[{\"@type\":\"WebPage\",\"@id\":\"https:\/\/expressionspromoproducts.com\/fr\/qui-sommes-nous\/\",\"url\":\"https:\/\/expressionspromoproducts.com\/fr\/qui-sommes-nous\/\",\"name\":\"Qui sommes-nous | Expressions Products\",\"isPartOf\":{\"@id\":\"http:\/\/expressionspromoproducts.com\/fr\/#website\"},\"primaryImageOfPage\":{\"@id\":\"https:\/\/expressionspromoproducts.com\/fr\/qui-sommes-nous\/#primaryimage\"},\"image\":{\"@id\":\"https:\/\/expressionspromoproducts.com\/fr\/qui-sommes-nous\/#primaryimage\"},\"thumbnailUrl\":\"https:\/\/expressionspromoproducts.com\/wp-content\/uploads\/2023\/11\/EventBand.jpg\",\"datePublished\":\"2023-11-13T12:10:19+00:00\",\"dateModified\":\"2025-11-27T03:28:25+00:00\",\"breadcrumb\":{\"@id\":\"https:\/\/expressionspromoproducts.com\/fr\/qui-sommes-nous\/#breadcrumb\"},\"inLanguage\":\"fr-FR\",\"potentialAction\":[{\"@type\":\"ReadAction\",\"target\":[\"https:\/\/expressionspromoproducts.com\/fr\/qui-sommes-nous\/\"]}]},{\"@type\":\"ImageObject\",\"inLanguage\":\"fr-FR\",\"@id\":\"https:\/\/expressionspromoproducts.com\/fr\/qui-sommes-nous\/#primaryimage\",\"url\":\"https:\/\/expressionspromoproducts.com\/wp-content\/uploads\/2023\/11\/EventBand.jpg\",\"contentUrl\":\"https:\/\/expressionspromoproducts.com\/wp-content\/uploads\/2023\/11\/EventBand.jpg\",\"width\":1000,\"height\":1000,\"caption\":\"ExpressionsEventBand\"},{\"@type\":\"BreadcrumbList\",\"@id\":\"https:\/\/expressionspromoproducts.com\/fr\/qui-sommes-nous\/#breadcrumb\",\"itemListElement\":[{\"@type\":\"ListItem\",\"position\":1,\"name\":\"Home\",\"item\":\"https:\/\/expressionspromoproducts.com\/fr\/\"},{\"@type\":\"ListItem\",\"position\":2,\"name\":\"Qui sommes-nous\"}]},{\"@type\":\"WebSite\",\"@id\":\"http:\/\/expressionspromoproducts.com\/fr\/#website\",\"url\":\"http:\/\/expressionspromoproducts.com\/fr\/\",\"name\":\"Expressions Products Inc\",\"description\":\"\",\"publisher\":{\"@id\":\"http:\/\/expressionspromoproducts.com\/fr\/#organization\"},\"potentialAction\":[{\"@type\":\"SearchAction\",\"target\":{\"@type\":\"EntryPoint\",\"urlTemplate\":\"http:\/\/expressionspromoproducts.com\/fr\/?s={search_term_string}\"},\"query-input\":{\"@type\":\"PropertyValueSpecification\",\"valueRequired\":true,\"valueName\":\"search_term_string\"}}],\"inLanguage\":\"fr-FR\"},{\"@type\":\"Organization\",\"@id\":\"http:\/\/expressionspromoproducts.com\/fr\/#organization\",\"name\":\"Expressions Products\",\"url\":\"http:\/\/expressionspromoproducts.com\/fr\/\",\"logo\":{\"@type\":\"ImageObject\",\"inLanguage\":\"fr-FR\",\"@id\":\"http:\/\/expressionspromoproducts.com\/fr\/#\/schema\/logo\/image\/\",\"url\":\"https:\/\/expressionspromoproducts.com\/wp-content\/uploads\/2023\/11\/expressions-logo.png\",\"contentUrl\":\"https:\/\/expressionspromoproducts.com\/wp-content\/uploads\/2023\/11\/expressions-logo.png\",\"width\":322,\"height\":43,\"caption\":\"Expressions Products\"},\"image\":{\"@id\":\"http:\/\/expressionspromoproducts.com\/fr\/#\/schema\/logo\/image\/\"}}]}<\/script>\n<!-- \/ Yoast SEO plugin. -->","yoast_head_json":{"title":"Qui sommes-nous | Expressions Products","robots":{"index":"index","follow":"follow","max-snippet":"max-snippet:-1","max-image-preview":"max-image-preview:large","max-video-preview":"max-video-preview:-1"},"canonical":"https:\/\/expressionspromoproducts.com\/fr\/qui-sommes-nous\/","og_locale":"fr_FR","og_type":"article","og_title":"Qui sommes-nous | Expressions Products","og_description":"Qui sommes-nous \u00c0 Propos des Produits Expressions Notre Histoire Depuis plus de 30 ans, Expressions Products est un leader reconnu dans la fabrication et l&#8217;importation d&#8217;articles sur mesure en m\u00e9tal, silicone et plastique pour les march\u00e9s promotionnels canadien et am\u00e9ricain. Chez Expressions, nous donnons vie \u00e0 votre vision avec des \u00e9pinglettes, des porte-cl\u00e9s, des m\u00e9daillons [&hellip;]","og_url":"https:\/\/expressionspromoproducts.com\/fr\/qui-sommes-nous\/","og_site_name":"Expressions Products","article_modified_time":"2025-11-27T03:28:25+00:00","og_image":[{"width":1000,"height":1000,"url":"https:\/\/expressionspromoproducts.com\/wp-content\/uploads\/2023\/11\/EventBand.jpg","type":"image\/jpeg"}],"twitter_card":"summary_large_image","twitter_misc":{"Est. reading time":"2 minutes"},"schema":{"@context":"https:\/\/schema.org","@graph":[{"@type":"WebPage","@id":"https:\/\/expressionspromoproducts.com\/fr\/qui-sommes-nous\/","url":"https:\/\/expressionspromoproducts.com\/fr\/qui-sommes-nous\/","name":"Qui sommes-nous | Expressions Products","isPartOf":{"@id":"http:\/\/expressionspromoproducts.com\/fr\/#website"},"primaryImageOfPage":{"@id":"https:\/\/expressionspromoproducts.com\/fr\/qui-sommes-nous\/#primaryimage"},"image":{"@id":"https:\/\/expressionspromoproducts.com\/fr\/qui-sommes-nous\/#primaryimage"},"thumbnailUrl":"https:\/\/expressionspromoproducts.com\/wp-content\/uploads\/2023\/11\/EventBand.jpg","datePublished":"2023-11-13T12:10:19+00:00","dateModified":"2025-11-27T03:28:25+00:00","breadcrumb":{"@id":"https:\/\/expressionspromoproducts.com\/fr\/qui-sommes-nous\/#breadcrumb"},"inLanguage":"fr-FR","potentialAction":[{"@type":"ReadAction","target":["https:\/\/expressionspromoproducts.com\/fr\/qui-sommes-nous\/"]}]},{"@type":"ImageObject","inLanguage":"fr-FR","@id":"https:\/\/expressionspromoproducts.com\/fr\/qui-sommes-nous\/#primaryimage","url":"https:\/\/expressionspromoproducts.com\/wp-content\/uploads\/2023\/11\/EventBand.jpg","contentUrl":"https:\/\/expressionspromoproducts.com\/wp-content\/uploads\/2023\/11\/EventBand.jpg","width":1000,"height":1000,"caption":"ExpressionsEventBand"},{"@type":"BreadcrumbList","@id":"https:\/\/expressionspromoproducts.com\/fr\/qui-sommes-nous\/#breadcrumb","itemListElement":[{"@type":"ListItem","position":1,"name":"Home","item":"https:\/\/expressionspromoproducts.com\/fr\/"},{"@type":"ListItem","position":2,"name":"Qui sommes-nous"}]},{"@type":"WebSite","@id":"http:\/\/expressionspromoproducts.com\/fr\/#website","url":"http:\/\/expressionspromoproducts.com\/fr\/","name":"Expressions Products Inc","description":"","publisher":{"@id":"http:\/\/expressionspromoproducts.com\/fr\/#organization"},"potentialAction":[{"@type":"SearchAction","target":{"@type":"EntryPoint","urlTemplate":"http:\/\/expressionspromoproducts.com\/fr\/?s={search_term_string}"},"query-input":{"@type":"PropertyValueSpecification","valueRequired":true,"valueName":"search_term_string"}}],"inLanguage":"fr-FR"},{"@type":"Organization","@id":"http:\/\/expressionspromoproducts.com\/fr\/#organization","name":"Expressions Products","url":"http:\/\/expressionspromoproducts.com\/fr\/","logo":{"@type":"ImageObject","inLanguage":"fr-FR","@id":"http:\/\/expressionspromoproducts.com\/fr\/#\/schema\/logo\/image\/","url":"https:\/\/expressionspromoproducts.com\/wp-content\/uploads\/2023\/11\/expressions-logo.png","contentUrl":"https:\/\/expressionspromoproducts.com\/wp-content\/uploads\/2023\/11\/expressions-logo.png","width":322,"height":43,"caption":"Expressions Products"},"image":{"@id":"http:\/\/expressionspromoproducts.com\/fr\/#\/schema\/logo\/image\/"}}]}},"_links":{"self":[{"href":"https:\/\/expressionspromoproducts.com\/fr\/wp-json\/wp\/v2\/pages\/6891","targetHints":{"allow":["GET"]}}],"collection":[{"href":"https:\/\/expressionspromoproducts.com\/fr\/wp-json\/wp\/v2\/pages"}],"about":[{"href":"https:\/\/expressionspromoproducts.com\/fr\/wp-json\/wp\/v2\/types\/page"}],"author":[{"embeddable":true,"href":"https:\/\/expressionspromoproducts.com\/fr\/wp-json\/wp\/v2\/users\/1"}],"replies":[{"embeddable":true,"href":"https:\/\/expressionspromoproducts.com\/fr\/wp-json\/wp\/v2\/comments?post=6891"}],"version-history":[{"count":23,"href":"https:\/\/expressionspromoproducts.com\/fr\/wp-json\/wp\/v2\/pages\/6891\/revisions"}],"predecessor-version":[{"id":9074,"href":"https:\/\/expressionspromoproducts.com\/fr\/wp-json\/wp\/v2\/pages\/6891\/revisions\/9074"}],"wp:featuredmedia":[{"embeddable":true,"href":"https:\/\/expressionspromoproducts.com\/fr\/wp-json\/wp\/v2\/media\/6629"}],"wp:attachment":[{"href":"https:\/\/expressionspromoproducts.com\/fr\/wp-json\/wp\/v2\/media?parent=6891"}],"curies":[{"name":"wp","href":"https:\/\/api.w.org\/{rel}","templated":true}]}}