{"id":7268,"date":"2020-12-04T10:38:22","date_gmt":"2020-12-04T15:38:22","guid":{"rendered":"https:\/\/expressionsproducts.com\/product\/small-door-opener-with-stylus-tip\/"},"modified":"2024-04-30T23:17:38","modified_gmt":"2024-05-01T03:17:38","slug":"petit-ouvre-porte-avec-pointe-de-stylet","status":"publish","type":"product","link":"https:\/\/expressionspromoproducts.com\/fr\/produit\/petit-ouvre-porte-avec-pointe-de-stylet\/","title":{"rendered":"Petit ouvre-porte avec pointe de stylet"},"content":{"rendered":"<div style=\"margin: 20px 0;\"><div class=\"qrcswholewtapper\" style=\"text-align:left;\"><div class=\"qrcprowrapper\"  id=\"qrcwraa2leds\"><div class=\"qrc_canvass\" id=\"qrc_cuttenpages_2\" style=\"display:inline-block\" data-text=\"https:\/\/expressionspromoproducts.com\/fr\/produit\/petit-ouvre-porte-avec-pointe-de-stylet\/\"><\/div><div><a download=\"Petit ouvre-porte avec pointe de stylet.png\" class=\"qrcdownloads\" id=\"worign\">\r\n           <button type=\"button\" style=\"min-width:600px;background:#44d813;color:#000;font-weight: 600;border: 1px solid #44d813;border-radius:20px;font-size:12px;padding: 6px 0;\" class=\"uqr_code_btn\">Download QR \ud83e\udc0b<\/button>\r\n           <\/a><\/div><\/div><\/div><\/div>","protected":false},"excerpt":{"rendered":"<p><strong>Les outils sans contact vous aident \u00e0 pousser et \u00e0 tirer la porte, et \u00e0 appuyer sur divers boutons. Ils sont devenus un outil utile et essentiel en ces temps de prudence accrue. Personnalisez-le avec votre logo ou votre slogan pour en faire un accessoire unique pour les personnes en d\u00e9placement.<\/strong><\/p>\n<ul>\n<li><span style=\"font-weight: 400;\"><strong>Pas de frais:<\/strong> pas de frais d&#8217;installation et d\u2019estampage<\/span><\/li>\n<li><span style=\"font-weight: 400;\"><strong>\u0152uvre d&#8217;art:<\/strong> pr\u00e9paration et cr\u00e9ation artistique incluses<\/span><\/li>\n<li><span style=\"font-weight: 400;\"><strong>Fabriqu\u00e9 en:<\/strong> Canada<\/span><\/li>\n<li><span style=\"font-weight: 400;\"><strong>Finition:<\/strong> Rev\u00eatement en poudre avec autocollant \u201cDigi\u201d de d\u00f4me en \u00e9poxy<\/span><\/li>\n<li><span style=\"font-weight: 400;\"><strong>Taille:<\/strong> 2,75 po<\/span><\/li>\n<li><span style=\"font-weight: 400;\"><strong>Couleurs:<\/strong> Gris textur\u00e9 \/ Noir mat \/ Blanc semi-lustr\u00e9<\/span><\/li>\n<li><span style=\"font-weight: 400;\"><strong>Personnalisation:<\/strong> Autocollant de d\u00f4me \u201cDigi\u201d sur 1 cot\u00e9 (18 x 5 mm)<\/span><\/li>\n<li><span style=\"font-weight: 400;\"><strong>Accessoire:<\/strong> Cha\u00eene \u00e0 4 maillons \/ Pointe de stylet (fonctionne sur l&#8217;\u00e9cran d&#8217;un smartphone)<\/span><\/li>\n<li><span style=\"font-weight: 400;\"><strong>D\u00e9tails d&#8217;emballage:<\/strong> Sac en poly\u00e9thyl\u00e8ne<\/span><\/li>\n<\/ul>\n<p><a class=\"pdp-btn\" href=\"https:\/\/expressionspromoproducts.com\/fr\/contactez-nous\/\" target=\"_blank\" rel=\"noopener noreferrer\">Contactez le service client\u00e8le pour conna\u00eetre les prix actuels<\/a><\/p>\n","protected":false},"featured_media":6775,"template":"","meta":[],"product_cat":[108],"product_tag":[],"class_list":["post-7268","product","type-product","status-publish","has-post-thumbnail","hentry","product_cat-fabrique-au-canada"],"yoast_head":"<!-- This site is optimized with the Yoast SEO plugin v24.3 - https:\/\/yoast.com\/wordpress\/plugins\/seo\/ -->\n<title>Petit ouvre-porte avec pointe de stylet | Expressions Products<\/title>\n<meta name=\"robots\" content=\"index, follow, max-snippet:-1, max-image-preview:large, max-video-preview:-1\" \/>\n<link rel=\"canonical\" href=\"https:\/\/expressionspromoproducts.com\/fr\/produit\/petit-ouvre-porte-avec-pointe-de-stylet\/\" \/>\n<meta property=\"og:locale\" content=\"fr_FR\" \/>\n<meta property=\"og:type\" content=\"article\" \/>\n<meta property=\"og:title\" content=\"Petit ouvre-porte avec pointe de stylet | Expressions Products\" \/>\n<meta property=\"og:description\" content=\"Les outils sans contact vous aident \u00e0 pousser et \u00e0 tirer la porte, et \u00e0 appuyer sur divers boutons. Ils sont devenus un outil utile et essentiel en ces temps de prudence accrue. Personnalisez-le avec votre logo ou votre slogan pour en faire un accessoire unique pour les personnes en d\u00e9placement.   Pas de frais: pas de frais d&#039;installation et d\u2019estampage  \u0152uvre d&#039;art: pr\u00e9paration et cr\u00e9ation artistique incluses  Fabriqu\u00e9 en: Canada  Finition: Rev\u00eatement en poudre avec autocollant \u201cDigi\u201d de d\u00f4me en \u00e9poxy  Taille: 2,75 po  Couleurs: Gris textur\u00e9 \/ Noir mat \/ Blanc semi-lustr\u00e9  Personnalisation: Autocollant de d\u00f4me \u201cDigi\u201d sur 1 cot\u00e9 (18 x 5 mm)  Accessoire: Cha\u00eene \u00e0 4 maillons \/ Pointe de stylet (fonctionne sur l&#039;\u00e9cran d&#039;un smartphone)  D\u00e9tails d&#039;emballage: Sac en poly\u00e9thyl\u00e8ne  Contactez le service client\u00e8le pour conna\u00eetre les prix actuels\" \/>\n<meta property=\"og:url\" content=\"https:\/\/expressionspromoproducts.com\/fr\/produit\/petit-ouvre-porte-avec-pointe-de-stylet\/\" \/>\n<meta property=\"og:site_name\" content=\"Expressions Products\" \/>\n<meta property=\"article:modified_time\" content=\"2024-05-01T03:17:38+00:00\" \/>\n<meta property=\"og:image\" content=\"http:\/\/expressionspromoproducts.com\/wp-content\/uploads\/2023\/11\/PC-HYTLOPNR-3.jpg\" \/>\n\t<meta property=\"og:image:width\" content=\"1200\" \/>\n\t<meta property=\"og:image:height\" content=\"1200\" \/>\n\t<meta property=\"og:image:type\" content=\"image\/jpeg\" \/>\n<meta name=\"twitter:card\" content=\"summary_large_image\" \/>\n<script type=\"application\/ld+json\" class=\"yoast-schema-graph\">{\"@context\":\"https:\/\/schema.org\",\"@graph\":[{\"@type\":\"WebPage\",\"@id\":\"https:\/\/expressionspromoproducts.com\/fr\/produit\/petit-ouvre-porte-avec-pointe-de-stylet\/\",\"url\":\"https:\/\/expressionspromoproducts.com\/fr\/produit\/petit-ouvre-porte-avec-pointe-de-stylet\/\",\"name\":\"Petit ouvre-porte avec pointe de stylet | Expressions Products\",\"isPartOf\":{\"@id\":\"http:\/\/expressionspromoproducts.com\/fr\/#website\"},\"primaryImageOfPage\":{\"@id\":\"https:\/\/expressionspromoproducts.com\/fr\/produit\/petit-ouvre-porte-avec-pointe-de-stylet\/#primaryimage\"},\"image\":{\"@id\":\"https:\/\/expressionspromoproducts.com\/fr\/produit\/petit-ouvre-porte-avec-pointe-de-stylet\/#primaryimage\"},\"thumbnailUrl\":\"https:\/\/expressionspromoproducts.com\/wp-content\/uploads\/2023\/11\/PC-HYTLOPNR-3.jpg\",\"datePublished\":\"2020-12-04T15:38:22+00:00\",\"dateModified\":\"2024-05-01T03:17:38+00:00\",\"breadcrumb\":{\"@id\":\"https:\/\/expressionspromoproducts.com\/fr\/produit\/petit-ouvre-porte-avec-pointe-de-stylet\/#breadcrumb\"},\"inLanguage\":\"fr-FR\",\"potentialAction\":[{\"@type\":\"ReadAction\",\"target\":[\"https:\/\/expressionspromoproducts.com\/fr\/produit\/petit-ouvre-porte-avec-pointe-de-stylet\/\"]}]},{\"@type\":\"ImageObject\",\"inLanguage\":\"fr-FR\",\"@id\":\"https:\/\/expressionspromoproducts.com\/fr\/produit\/petit-ouvre-porte-avec-pointe-de-stylet\/#primaryimage\",\"url\":\"https:\/\/expressionspromoproducts.com\/wp-content\/uploads\/2023\/11\/PC-HYTLOPNR-3.jpg\",\"contentUrl\":\"https:\/\/expressionspromoproducts.com\/wp-content\/uploads\/2023\/11\/PC-HYTLOPNR-3.jpg\",\"width\":1200,\"height\":1200,\"caption\":\"PC-HYTLOPNR-3\"},{\"@type\":\"BreadcrumbList\",\"@id\":\"https:\/\/expressionspromoproducts.com\/fr\/produit\/petit-ouvre-porte-avec-pointe-de-stylet\/#breadcrumb\",\"itemListElement\":[{\"@type\":\"ListItem\",\"position\":1,\"name\":\"Home\",\"item\":\"https:\/\/expressionspromoproducts.com\/fr\/\"},{\"@type\":\"ListItem\",\"position\":2,\"name\":\"Boutique\",\"item\":\"http:\/\/expressionspromoproducts.com\/fr\/boutique\/\"},{\"@type\":\"ListItem\",\"position\":3,\"name\":\"Petit ouvre-porte avec pointe de stylet\"}]},{\"@type\":\"WebSite\",\"@id\":\"http:\/\/expressionspromoproducts.com\/fr\/#website\",\"url\":\"http:\/\/expressionspromoproducts.com\/fr\/\",\"name\":\"Expressions Products Inc\",\"description\":\"\",\"publisher\":{\"@id\":\"http:\/\/expressionspromoproducts.com\/fr\/#organization\"},\"potentialAction\":[{\"@type\":\"SearchAction\",\"target\":{\"@type\":\"EntryPoint\",\"urlTemplate\":\"http:\/\/expressionspromoproducts.com\/fr\/?s={search_term_string}\"},\"query-input\":{\"@type\":\"PropertyValueSpecification\",\"valueRequired\":true,\"valueName\":\"search_term_string\"}}],\"inLanguage\":\"fr-FR\"},{\"@type\":\"Organization\",\"@id\":\"http:\/\/expressionspromoproducts.com\/fr\/#organization\",\"name\":\"Expressions Products\",\"url\":\"http:\/\/expressionspromoproducts.com\/fr\/\",\"logo\":{\"@type\":\"ImageObject\",\"inLanguage\":\"fr-FR\",\"@id\":\"http:\/\/expressionspromoproducts.com\/fr\/#\/schema\/logo\/image\/\",\"url\":\"https:\/\/expressionspromoproducts.com\/wp-content\/uploads\/2023\/11\/expressions-logo.png\",\"contentUrl\":\"https:\/\/expressionspromoproducts.com\/wp-content\/uploads\/2023\/11\/expressions-logo.png\",\"width\":322,\"height\":43,\"caption\":\"Expressions Products\"},\"image\":{\"@id\":\"http:\/\/expressionspromoproducts.com\/fr\/#\/schema\/logo\/image\/\"}}]}<\/script>\n<!-- \/ Yoast SEO plugin. -->","yoast_head_json":{"title":"Petit ouvre-porte avec pointe de stylet | Expressions Products","robots":{"index":"index","follow":"follow","max-snippet":"max-snippet:-1","max-image-preview":"max-image-preview:large","max-video-preview":"max-video-preview:-1"},"canonical":"https:\/\/expressionspromoproducts.com\/fr\/produit\/petit-ouvre-porte-avec-pointe-de-stylet\/","og_locale":"fr_FR","og_type":"article","og_title":"Petit ouvre-porte avec pointe de stylet | Expressions Products","og_description":"Les outils sans contact vous aident \u00e0 pousser et \u00e0 tirer la porte, et \u00e0 appuyer sur divers boutons. Ils sont devenus un outil utile et essentiel en ces temps de prudence accrue. Personnalisez-le avec votre logo ou votre slogan pour en faire un accessoire unique pour les personnes en d\u00e9placement.   Pas de frais: pas de frais d'installation et d\u2019estampage  \u0152uvre d'art: pr\u00e9paration et cr\u00e9ation artistique incluses  Fabriqu\u00e9 en: Canada  Finition: Rev\u00eatement en poudre avec autocollant \u201cDigi\u201d de d\u00f4me en \u00e9poxy  Taille: 2,75 po  Couleurs: Gris textur\u00e9 \/ Noir mat \/ Blanc semi-lustr\u00e9  Personnalisation: Autocollant de d\u00f4me \u201cDigi\u201d sur 1 cot\u00e9 (18 x 5 mm)  Accessoire: Cha\u00eene \u00e0 4 maillons \/ Pointe de stylet (fonctionne sur l'\u00e9cran d'un smartphone)  D\u00e9tails d'emballage: Sac en poly\u00e9thyl\u00e8ne  Contactez le service client\u00e8le pour conna\u00eetre les prix actuels","og_url":"https:\/\/expressionspromoproducts.com\/fr\/produit\/petit-ouvre-porte-avec-pointe-de-stylet\/","og_site_name":"Expressions Products","article_modified_time":"2024-05-01T03:17:38+00:00","og_image":[{"width":1200,"height":1200,"url":"http:\/\/expressionspromoproducts.com\/wp-content\/uploads\/2023\/11\/PC-HYTLOPNR-3.jpg","type":"image\/jpeg"}],"twitter_card":"summary_large_image","schema":{"@context":"https:\/\/schema.org","@graph":[{"@type":"WebPage","@id":"https:\/\/expressionspromoproducts.com\/fr\/produit\/petit-ouvre-porte-avec-pointe-de-stylet\/","url":"https:\/\/expressionspromoproducts.com\/fr\/produit\/petit-ouvre-porte-avec-pointe-de-stylet\/","name":"Petit ouvre-porte avec pointe de stylet | Expressions Products","isPartOf":{"@id":"http:\/\/expressionspromoproducts.com\/fr\/#website"},"primaryImageOfPage":{"@id":"https:\/\/expressionspromoproducts.com\/fr\/produit\/petit-ouvre-porte-avec-pointe-de-stylet\/#primaryimage"},"image":{"@id":"https:\/\/expressionspromoproducts.com\/fr\/produit\/petit-ouvre-porte-avec-pointe-de-stylet\/#primaryimage"},"thumbnailUrl":"https:\/\/expressionspromoproducts.com\/wp-content\/uploads\/2023\/11\/PC-HYTLOPNR-3.jpg","datePublished":"2020-12-04T15:38:22+00:00","dateModified":"2024-05-01T03:17:38+00:00","breadcrumb":{"@id":"https:\/\/expressionspromoproducts.com\/fr\/produit\/petit-ouvre-porte-avec-pointe-de-stylet\/#breadcrumb"},"inLanguage":"fr-FR","potentialAction":[{"@type":"ReadAction","target":["https:\/\/expressionspromoproducts.com\/fr\/produit\/petit-ouvre-porte-avec-pointe-de-stylet\/"]}]},{"@type":"ImageObject","inLanguage":"fr-FR","@id":"https:\/\/expressionspromoproducts.com\/fr\/produit\/petit-ouvre-porte-avec-pointe-de-stylet\/#primaryimage","url":"https:\/\/expressionspromoproducts.com\/wp-content\/uploads\/2023\/11\/PC-HYTLOPNR-3.jpg","contentUrl":"https:\/\/expressionspromoproducts.com\/wp-content\/uploads\/2023\/11\/PC-HYTLOPNR-3.jpg","width":1200,"height":1200,"caption":"PC-HYTLOPNR-3"},{"@type":"BreadcrumbList","@id":"https:\/\/expressionspromoproducts.com\/fr\/produit\/petit-ouvre-porte-avec-pointe-de-stylet\/#breadcrumb","itemListElement":[{"@type":"ListItem","position":1,"name":"Home","item":"https:\/\/expressionspromoproducts.com\/fr\/"},{"@type":"ListItem","position":2,"name":"Boutique","item":"http:\/\/expressionspromoproducts.com\/fr\/boutique\/"},{"@type":"ListItem","position":3,"name":"Petit ouvre-porte avec pointe de stylet"}]},{"@type":"WebSite","@id":"http:\/\/expressionspromoproducts.com\/fr\/#website","url":"http:\/\/expressionspromoproducts.com\/fr\/","name":"Expressions Products Inc","description":"","publisher":{"@id":"http:\/\/expressionspromoproducts.com\/fr\/#organization"},"potentialAction":[{"@type":"SearchAction","target":{"@type":"EntryPoint","urlTemplate":"http:\/\/expressionspromoproducts.com\/fr\/?s={search_term_string}"},"query-input":{"@type":"PropertyValueSpecification","valueRequired":true,"valueName":"search_term_string"}}],"inLanguage":"fr-FR"},{"@type":"Organization","@id":"http:\/\/expressionspromoproducts.com\/fr\/#organization","name":"Expressions Products","url":"http:\/\/expressionspromoproducts.com\/fr\/","logo":{"@type":"ImageObject","inLanguage":"fr-FR","@id":"http:\/\/expressionspromoproducts.com\/fr\/#\/schema\/logo\/image\/","url":"https:\/\/expressionspromoproducts.com\/wp-content\/uploads\/2023\/11\/expressions-logo.png","contentUrl":"https:\/\/expressionspromoproducts.com\/wp-content\/uploads\/2023\/11\/expressions-logo.png","width":322,"height":43,"caption":"Expressions Products"},"image":{"@id":"http:\/\/expressionspromoproducts.com\/fr\/#\/schema\/logo\/image\/"}}]}},"_links":{"self":[{"href":"https:\/\/expressionspromoproducts.com\/fr\/wp-json\/wp\/v2\/product\/7268","targetHints":{"allow":["GET"]}}],"collection":[{"href":"https:\/\/expressionspromoproducts.com\/fr\/wp-json\/wp\/v2\/product"}],"about":[{"href":"https:\/\/expressionspromoproducts.com\/fr\/wp-json\/wp\/v2\/types\/product"}],"version-history":[{"count":2,"href":"https:\/\/expressionspromoproducts.com\/fr\/wp-json\/wp\/v2\/product\/7268\/revisions"}],"predecessor-version":[{"id":7270,"href":"https:\/\/expressionspromoproducts.com\/fr\/wp-json\/wp\/v2\/product\/7268\/revisions\/7270"}],"wp:featuredmedia":[{"embeddable":true,"href":"https:\/\/expressionspromoproducts.com\/fr\/wp-json\/wp\/v2\/media\/6775"}],"wp:attachment":[{"href":"https:\/\/expressionspromoproducts.com\/fr\/wp-json\/wp\/v2\/media?parent=7268"}],"wp:term":[{"taxonomy":"product_cat","embeddable":true,"href":"https:\/\/expressionspromoproducts.com\/fr\/wp-json\/wp\/v2\/product_cat?post=7268"},{"taxonomy":"product_tag","embeddable":true,"href":"https:\/\/expressionspromoproducts.com\/fr\/wp-json\/wp\/v2\/product_tag?post=7268"}],"curies":[{"name":"wp","href":"https:\/\/api.w.org\/{rel}","templated":true}]}}