{"id":7509,"date":"2020-11-20T13:41:30","date_gmt":"2020-11-20T18:41:30","guid":{"rendered":"https:\/\/expressionsproducts.com\/product\/soft-pvc-patch-1-5\/"},"modified":"2024-05-03T04:30:08","modified_gmt":"2024-05-03T08:30:08","slug":"patch-en-pvc-souple-15-po","status":"publish","type":"product","link":"https:\/\/expressionspromoproducts.com\/fr\/produit\/patch-en-pvc-souple-15-po\/","title":{"rendered":"Patch en PVC souple \u2013 1,5 po"},"content":{"rendered":"<div style=\"margin: 20px 0;\"><div class=\"qrcswholewtapper\" style=\"text-align:left;\"><div class=\"qrcprowrapper\"  id=\"qrcwraa2leds\"><div class=\"qrc_canvass\" id=\"qrc_cuttenpages_2\" style=\"display:inline-block\" data-text=\"https:\/\/expressionspromoproducts.com\/fr\/produit\/patch-en-pvc-souple-15-po\/\"><\/div><div><a download=\"Patch en PVC souple \u2013 1,5 po.png\" class=\"qrcdownloads\" id=\"worign\">\r\n           <button type=\"button\" style=\"min-width:600px;background:#44d813;color:#000;font-weight: 600;border: 1px solid #44d813;border-radius:20px;font-size:12px;padding: 6px 0;\" class=\"uqr_code_btn\">Download QR \ud83e\udc0b<\/button>\r\n           <\/a><\/div><\/div><\/div><\/div>","protected":false},"excerpt":{"rendered":"<p><strong>Se clipse sur n&#8217;importe quelle fermeture \u00e9clair, ce qui permet de tirer facilement pour les mains dans les gants d&#8217;hiver. Parfait pour les vestes d&#8217;\u00e9quipe, les manteaux de sport, les sacs de sport et les sacs \u00e0 dos.<\/strong><\/p>\n<ul>\n<li><span style=\"font-weight: 400;\"><strong>Pas de frais:<\/strong> pas de frais d&#8217;installation et d\u2019estampage<\/span><\/li>\n<li><span style=\"font-weight: 400;\"><strong>\u0152uvre d&#8217;art:<\/strong> pr\u00e9paration et cr\u00e9ation artistique incluses<\/span><\/li>\n<li><span style=\"font-weight: 400;\"><strong>Fabriqu\u00e9 en:<\/strong> Chine<\/span><\/li>\n<li><span style=\"font-weight: 400;\"><strong>Finition:<\/strong> N\/A<\/span><\/li>\n<li><span style=\"font-weight: 400;\"><strong>Taille:<\/strong> jusqu&#8217;\u00e0 1,5 po<\/span><\/li>\n<li><span style=\"font-weight: 400;\"><strong>Couleur:<\/strong> jusqu&#8217;\u00e0 4 \u201cPantone\u201d<\/span><\/li>\n<li><span style=\"font-weight: 400;\"><strong>Personnalisation:<\/strong> jusqu&#8217;\u00e0 1,5 po<\/span><\/li>\n<li><span style=\"font-weight: 400;\"><strong>Accessoire:<\/strong> Support plat<\/span><\/li>\n<li><span style=\"font-weight: 400;\"><strong>D\u00e9tails d&#8217;emballage:<\/strong> Sac en poly\u00e9thyl\u00e8ne<\/span><\/li>\n<\/ul>\n<p><a class=\"pdp-btn\" href=\"https:\/\/expressionspromoproducts.com\/fr\/contactez-nous\/\" target=\"_blank\" rel=\"noopener noreferrer\">Contactez le service client\u00e8le pour conna\u00eetre les prix actuels<\/a><\/p>\n","protected":false},"featured_media":6648,"template":"","meta":[],"product_cat":[110,148],"product_tag":[],"class_list":["post-7509","product","type-product","status-publish","has-post-thumbnail","hentry","product_cat-collection-pvc","product_cat-patchs-pvc"],"yoast_head":"<!-- This site is optimized with the Yoast SEO plugin v24.3 - https:\/\/yoast.com\/wordpress\/plugins\/seo\/ -->\n<title>Patch en PVC souple \u2013 1,5 po | Expressions Products<\/title>\n<meta name=\"robots\" content=\"index, follow, max-snippet:-1, max-image-preview:large, max-video-preview:-1\" \/>\n<link rel=\"canonical\" href=\"https:\/\/expressionspromoproducts.com\/fr\/produit\/patch-en-pvc-souple-15-po\/\" \/>\n<meta property=\"og:locale\" content=\"fr_FR\" \/>\n<meta property=\"og:type\" content=\"article\" \/>\n<meta property=\"og:title\" content=\"Patch en PVC souple \u2013 1,5 po | Expressions Products\" \/>\n<meta property=\"og:description\" content=\"Se clipse sur n&#039;importe quelle fermeture \u00e9clair, ce qui permet de tirer facilement pour les mains dans les gants d&#039;hiver. Parfait pour les vestes d&#039;\u00e9quipe, les manteaux de sport, les sacs de sport et les sacs \u00e0 dos.   Pas de frais: pas de frais d&#039;installation et d\u2019estampage  \u0152uvre d&#039;art: pr\u00e9paration et cr\u00e9ation artistique incluses  Fabriqu\u00e9 en: Chine  Finition: N\/A  Taille: jusqu&#039;\u00e0 1,5 po  Couleur: jusqu&#039;\u00e0 4 \u201cPantone\u201d  Personnalisation: jusqu&#039;\u00e0 1,5 po  Accessoire: Support plat  D\u00e9tails d&#039;emballage: Sac en poly\u00e9thyl\u00e8ne  Contactez le service client\u00e8le pour conna\u00eetre les prix actuels\" \/>\n<meta property=\"og:url\" content=\"https:\/\/expressionspromoproducts.com\/fr\/produit\/patch-en-pvc-souple-15-po\/\" \/>\n<meta property=\"og:site_name\" content=\"Expressions Products\" \/>\n<meta property=\"article:modified_time\" content=\"2024-05-03T08:30:08+00:00\" \/>\n<meta property=\"og:image\" content=\"http:\/\/expressionspromoproducts.com\/wp-content\/uploads\/2023\/11\/ExpressionsPVCPatch02.jpg\" \/>\n\t<meta property=\"og:image:width\" content=\"1000\" \/>\n\t<meta property=\"og:image:height\" content=\"1000\" \/>\n\t<meta property=\"og:image:type\" content=\"image\/jpeg\" \/>\n<meta name=\"twitter:card\" content=\"summary_large_image\" \/>\n<script type=\"application\/ld+json\" class=\"yoast-schema-graph\">{\"@context\":\"https:\/\/schema.org\",\"@graph\":[{\"@type\":\"WebPage\",\"@id\":\"https:\/\/expressionspromoproducts.com\/fr\/produit\/patch-en-pvc-souple-15-po\/\",\"url\":\"https:\/\/expressionspromoproducts.com\/fr\/produit\/patch-en-pvc-souple-15-po\/\",\"name\":\"Patch en PVC souple \u2013 1,5 po | Expressions Products\",\"isPartOf\":{\"@id\":\"http:\/\/expressionspromoproducts.com\/fr\/#website\"},\"primaryImageOfPage\":{\"@id\":\"https:\/\/expressionspromoproducts.com\/fr\/produit\/patch-en-pvc-souple-15-po\/#primaryimage\"},\"image\":{\"@id\":\"https:\/\/expressionspromoproducts.com\/fr\/produit\/patch-en-pvc-souple-15-po\/#primaryimage\"},\"thumbnailUrl\":\"https:\/\/expressionspromoproducts.com\/wp-content\/uploads\/2023\/11\/ExpressionsPVCPatch02.jpg\",\"datePublished\":\"2020-11-20T18:41:30+00:00\",\"dateModified\":\"2024-05-03T08:30:08+00:00\",\"breadcrumb\":{\"@id\":\"https:\/\/expressionspromoproducts.com\/fr\/produit\/patch-en-pvc-souple-15-po\/#breadcrumb\"},\"inLanguage\":\"fr-FR\",\"potentialAction\":[{\"@type\":\"ReadAction\",\"target\":[\"https:\/\/expressionspromoproducts.com\/fr\/produit\/patch-en-pvc-souple-15-po\/\"]}]},{\"@type\":\"ImageObject\",\"inLanguage\":\"fr-FR\",\"@id\":\"https:\/\/expressionspromoproducts.com\/fr\/produit\/patch-en-pvc-souple-15-po\/#primaryimage\",\"url\":\"https:\/\/expressionspromoproducts.com\/wp-content\/uploads\/2023\/11\/ExpressionsPVCPatch02.jpg\",\"contentUrl\":\"https:\/\/expressionspromoproducts.com\/wp-content\/uploads\/2023\/11\/ExpressionsPVCPatch02.jpg\",\"width\":1000,\"height\":1000},{\"@type\":\"BreadcrumbList\",\"@id\":\"https:\/\/expressionspromoproducts.com\/fr\/produit\/patch-en-pvc-souple-15-po\/#breadcrumb\",\"itemListElement\":[{\"@type\":\"ListItem\",\"position\":1,\"name\":\"Home\",\"item\":\"https:\/\/expressionspromoproducts.com\/fr\/\"},{\"@type\":\"ListItem\",\"position\":2,\"name\":\"Boutique\",\"item\":\"http:\/\/expressionspromoproducts.com\/fr\/boutique\/\"},{\"@type\":\"ListItem\",\"position\":3,\"name\":\"Patch en PVC souple \u2013 1,5 po\"}]},{\"@type\":\"WebSite\",\"@id\":\"http:\/\/expressionspromoproducts.com\/fr\/#website\",\"url\":\"http:\/\/expressionspromoproducts.com\/fr\/\",\"name\":\"Expressions Products Inc\",\"description\":\"\",\"publisher\":{\"@id\":\"http:\/\/expressionspromoproducts.com\/fr\/#organization\"},\"potentialAction\":[{\"@type\":\"SearchAction\",\"target\":{\"@type\":\"EntryPoint\",\"urlTemplate\":\"http:\/\/expressionspromoproducts.com\/fr\/?s={search_term_string}\"},\"query-input\":{\"@type\":\"PropertyValueSpecification\",\"valueRequired\":true,\"valueName\":\"search_term_string\"}}],\"inLanguage\":\"fr-FR\"},{\"@type\":\"Organization\",\"@id\":\"http:\/\/expressionspromoproducts.com\/fr\/#organization\",\"name\":\"Expressions Products\",\"url\":\"http:\/\/expressionspromoproducts.com\/fr\/\",\"logo\":{\"@type\":\"ImageObject\",\"inLanguage\":\"fr-FR\",\"@id\":\"http:\/\/expressionspromoproducts.com\/fr\/#\/schema\/logo\/image\/\",\"url\":\"https:\/\/expressionspromoproducts.com\/wp-content\/uploads\/2023\/11\/expressions-logo.png\",\"contentUrl\":\"https:\/\/expressionspromoproducts.com\/wp-content\/uploads\/2023\/11\/expressions-logo.png\",\"width\":322,\"height\":43,\"caption\":\"Expressions Products\"},\"image\":{\"@id\":\"http:\/\/expressionspromoproducts.com\/fr\/#\/schema\/logo\/image\/\"}}]}<\/script>\n<!-- \/ Yoast SEO plugin. -->","yoast_head_json":{"title":"Patch en PVC souple \u2013 1,5 po | Expressions Products","robots":{"index":"index","follow":"follow","max-snippet":"max-snippet:-1","max-image-preview":"max-image-preview:large","max-video-preview":"max-video-preview:-1"},"canonical":"https:\/\/expressionspromoproducts.com\/fr\/produit\/patch-en-pvc-souple-15-po\/","og_locale":"fr_FR","og_type":"article","og_title":"Patch en PVC souple \u2013 1,5 po | Expressions Products","og_description":"Se clipse sur n'importe quelle fermeture \u00e9clair, ce qui permet de tirer facilement pour les mains dans les gants d'hiver. Parfait pour les vestes d'\u00e9quipe, les manteaux de sport, les sacs de sport et les sacs \u00e0 dos.   Pas de frais: pas de frais d'installation et d\u2019estampage  \u0152uvre d'art: pr\u00e9paration et cr\u00e9ation artistique incluses  Fabriqu\u00e9 en: Chine  Finition: N\/A  Taille: jusqu'\u00e0 1,5 po  Couleur: jusqu'\u00e0 4 \u201cPantone\u201d  Personnalisation: jusqu'\u00e0 1,5 po  Accessoire: Support plat  D\u00e9tails d'emballage: Sac en poly\u00e9thyl\u00e8ne  Contactez le service client\u00e8le pour conna\u00eetre les prix actuels","og_url":"https:\/\/expressionspromoproducts.com\/fr\/produit\/patch-en-pvc-souple-15-po\/","og_site_name":"Expressions Products","article_modified_time":"2024-05-03T08:30:08+00:00","og_image":[{"width":1000,"height":1000,"url":"http:\/\/expressionspromoproducts.com\/wp-content\/uploads\/2023\/11\/ExpressionsPVCPatch02.jpg","type":"image\/jpeg"}],"twitter_card":"summary_large_image","schema":{"@context":"https:\/\/schema.org","@graph":[{"@type":"WebPage","@id":"https:\/\/expressionspromoproducts.com\/fr\/produit\/patch-en-pvc-souple-15-po\/","url":"https:\/\/expressionspromoproducts.com\/fr\/produit\/patch-en-pvc-souple-15-po\/","name":"Patch en PVC souple \u2013 1,5 po | Expressions Products","isPartOf":{"@id":"http:\/\/expressionspromoproducts.com\/fr\/#website"},"primaryImageOfPage":{"@id":"https:\/\/expressionspromoproducts.com\/fr\/produit\/patch-en-pvc-souple-15-po\/#primaryimage"},"image":{"@id":"https:\/\/expressionspromoproducts.com\/fr\/produit\/patch-en-pvc-souple-15-po\/#primaryimage"},"thumbnailUrl":"https:\/\/expressionspromoproducts.com\/wp-content\/uploads\/2023\/11\/ExpressionsPVCPatch02.jpg","datePublished":"2020-11-20T18:41:30+00:00","dateModified":"2024-05-03T08:30:08+00:00","breadcrumb":{"@id":"https:\/\/expressionspromoproducts.com\/fr\/produit\/patch-en-pvc-souple-15-po\/#breadcrumb"},"inLanguage":"fr-FR","potentialAction":[{"@type":"ReadAction","target":["https:\/\/expressionspromoproducts.com\/fr\/produit\/patch-en-pvc-souple-15-po\/"]}]},{"@type":"ImageObject","inLanguage":"fr-FR","@id":"https:\/\/expressionspromoproducts.com\/fr\/produit\/patch-en-pvc-souple-15-po\/#primaryimage","url":"https:\/\/expressionspromoproducts.com\/wp-content\/uploads\/2023\/11\/ExpressionsPVCPatch02.jpg","contentUrl":"https:\/\/expressionspromoproducts.com\/wp-content\/uploads\/2023\/11\/ExpressionsPVCPatch02.jpg","width":1000,"height":1000},{"@type":"BreadcrumbList","@id":"https:\/\/expressionspromoproducts.com\/fr\/produit\/patch-en-pvc-souple-15-po\/#breadcrumb","itemListElement":[{"@type":"ListItem","position":1,"name":"Home","item":"https:\/\/expressionspromoproducts.com\/fr\/"},{"@type":"ListItem","position":2,"name":"Boutique","item":"http:\/\/expressionspromoproducts.com\/fr\/boutique\/"},{"@type":"ListItem","position":3,"name":"Patch en PVC souple \u2013 1,5 po"}]},{"@type":"WebSite","@id":"http:\/\/expressionspromoproducts.com\/fr\/#website","url":"http:\/\/expressionspromoproducts.com\/fr\/","name":"Expressions Products Inc","description":"","publisher":{"@id":"http:\/\/expressionspromoproducts.com\/fr\/#organization"},"potentialAction":[{"@type":"SearchAction","target":{"@type":"EntryPoint","urlTemplate":"http:\/\/expressionspromoproducts.com\/fr\/?s={search_term_string}"},"query-input":{"@type":"PropertyValueSpecification","valueRequired":true,"valueName":"search_term_string"}}],"inLanguage":"fr-FR"},{"@type":"Organization","@id":"http:\/\/expressionspromoproducts.com\/fr\/#organization","name":"Expressions Products","url":"http:\/\/expressionspromoproducts.com\/fr\/","logo":{"@type":"ImageObject","inLanguage":"fr-FR","@id":"http:\/\/expressionspromoproducts.com\/fr\/#\/schema\/logo\/image\/","url":"https:\/\/expressionspromoproducts.com\/wp-content\/uploads\/2023\/11\/expressions-logo.png","contentUrl":"https:\/\/expressionspromoproducts.com\/wp-content\/uploads\/2023\/11\/expressions-logo.png","width":322,"height":43,"caption":"Expressions Products"},"image":{"@id":"http:\/\/expressionspromoproducts.com\/fr\/#\/schema\/logo\/image\/"}}]}},"_links":{"self":[{"href":"https:\/\/expressionspromoproducts.com\/fr\/wp-json\/wp\/v2\/product\/7509","targetHints":{"allow":["GET"]}}],"collection":[{"href":"https:\/\/expressionspromoproducts.com\/fr\/wp-json\/wp\/v2\/product"}],"about":[{"href":"https:\/\/expressionspromoproducts.com\/fr\/wp-json\/wp\/v2\/types\/product"}],"version-history":[{"count":2,"href":"https:\/\/expressionspromoproducts.com\/fr\/wp-json\/wp\/v2\/product\/7509\/revisions"}],"predecessor-version":[{"id":7511,"href":"https:\/\/expressionspromoproducts.com\/fr\/wp-json\/wp\/v2\/product\/7509\/revisions\/7511"}],"wp:featuredmedia":[{"embeddable":true,"href":"https:\/\/expressionspromoproducts.com\/fr\/wp-json\/wp\/v2\/media\/6648"}],"wp:attachment":[{"href":"https:\/\/expressionspromoproducts.com\/fr\/wp-json\/wp\/v2\/media?parent=7509"}],"wp:term":[{"taxonomy":"product_cat","embeddable":true,"href":"https:\/\/expressionspromoproducts.com\/fr\/wp-json\/wp\/v2\/product_cat?post=7509"},{"taxonomy":"product_tag","embeddable":true,"href":"https:\/\/expressionspromoproducts.com\/fr\/wp-json\/wp\/v2\/product_tag?post=7509"}],"curies":[{"name":"wp","href":"https:\/\/api.w.org\/{rel}","templated":true}]}}