{"id":7556,"date":"2020-10-22T11:43:57","date_gmt":"2020-10-22T15:43:57","guid":{"rendered":"https:\/\/expressionsproducts.com\/product\/cloisonne-lapel-pin-1-25\/"},"modified":"2024-05-03T05:34:23","modified_gmt":"2024-05-03T09:34:23","slug":"epinglette-cloisonnee-1-25","status":"publish","type":"product","link":"https:\/\/expressionspromoproducts.com\/fr\/produit\/epinglette-cloisonnee-1-25\/","title":{"rendered":"\u00c9pinglette cloisonn\u00e9e \u2013 1.25\u2033"},"content":{"rendered":"<div style=\"margin: 20px 0;\"><div class=\"qrcswholewtapper\" style=\"text-align:left;\"><div class=\"qrcprowrapper\"  id=\"qrcwraa2leds\"><div class=\"qrc_canvass\" id=\"qrc_cuttenpages_2\" style=\"display:inline-block\" data-text=\"https:\/\/expressionspromoproducts.com\/fr\/produit\/epinglette-cloisonnee-1-25\/\"><\/div><div><a download=\"\u00c9pinglette cloisonn\u00e9e \u2013 1.25\u2033.png\" class=\"qrcdownloads\" id=\"worign\">\r\n           <button type=\"button\" style=\"min-width:600px;background:#44d813;color:#000;font-weight: 600;border: 1px solid #44d813;border-radius:20px;font-size:12px;padding: 6px 0;\" class=\"uqr_code_btn\">Download QR \ud83e\udc0b<\/button>\r\n           <\/a><\/div><\/div><\/div><\/div>","protected":false},"excerpt":{"rendered":"<p><strong>Fabriqu\u00e9es sur mesure avec votre design, les \u00e9pinglettes cloisonn\u00e9es de 1,25 po sont fabriqu\u00e9es \u00e0 partir de mat\u00e9riaux de qualit\u00e9 joailli\u00e8re et con\u00e7ues pour mettre en valeur une impression d\u00e9taill\u00e9e. Les \u00e9pinglettes cloisonn\u00e9es de 1,25 po sont disponibles \u00e0 partir de 1,95 $\/pi\u00e8ce.<\/strong><\/p>\n<ul>\n<li><span style=\"font-weight: 400;\"><strong>Pas de frais:<\/strong> pas de frais d&#8217;installation et d\u2019estampage<\/span><\/li>\n<li><span style=\"font-weight: 400;\"><strong>\u0152uvre d&#8217;art:<\/strong> pr\u00e9paration et cr\u00e9ation artistique incluses<\/span><\/li>\n<li><span style=\"font-weight: 400;\"><strong>Fabriqu\u00e9 en:<\/strong> Chine<\/span><\/li>\n<li><span style=\"font-weight: 400;\"><strong>Finition:<\/strong> Or, argent et bronze (brillant ou antique)<\/span><\/li>\n<li><span style=\"font-weight: 400;\"><strong>Taille:<\/strong> 1,25 po<\/span><\/li>\n<li><span style=\"font-weight: 400;\"><strong>Couleurs:<\/strong> jusqu&#8217;\u00e0 4 couleurs \u201cPantone\u201d<\/span><\/li>\n<li><span style=\"font-weight: 400;\"><strong>Personnalisation:<\/strong> jusqu&#8217;\u00e0 1,25 po<\/span><\/li>\n<li><span style=\"font-weight: 400;\"><strong>Accessoire:<\/strong> Embrayage papillon ou embrayage en caoutchouc<\/span><\/li>\n<li><span style=\"font-weight: 400;\"><strong>D\u00e9tails d&#8217;emballage:<\/strong> Sac en poly\u00e9thyl\u00e8ne<\/span><\/li>\n<\/ul>\n<p>&nbsp;<\/p>\n<p><a class=\"pdp-btn\" href=\"https:\/\/expressionspromoproducts.com\/fr\/contactez-nous\/\" target=\"_blank\" rel=\"noopener noreferrer\">Contactez le service client\u00e8le pour conna\u00eetre les prix actuels<\/a><\/p>\n","protected":false},"featured_media":6316,"template":"","meta":[],"product_cat":[107,131],"product_tag":[],"class_list":["post-7556","product","type-product","status-publish","has-post-thumbnail","hentry","product_cat-epinglettes","product_cat-cloisonnee"],"yoast_head":"<!-- This site is optimized with the Yoast SEO plugin v24.3 - https:\/\/yoast.com\/wordpress\/plugins\/seo\/ -->\n<title>\u00c9pinglette cloisonn\u00e9e \u2013 1.25\u2033 | Expressions Products<\/title>\n<meta name=\"robots\" content=\"index, follow, max-snippet:-1, max-image-preview:large, max-video-preview:-1\" \/>\n<link rel=\"canonical\" href=\"https:\/\/expressionspromoproducts.com\/fr\/produit\/epinglette-cloisonnee-1-25\/\" \/>\n<meta property=\"og:locale\" content=\"fr_FR\" \/>\n<meta property=\"og:type\" content=\"article\" \/>\n<meta property=\"og:title\" content=\"\u00c9pinglette cloisonn\u00e9e \u2013 1.25\u2033 | Expressions Products\" \/>\n<meta property=\"og:description\" content=\"Fabriqu\u00e9es sur mesure avec votre design, les \u00e9pinglettes cloisonn\u00e9es de 1,25 po sont fabriqu\u00e9es \u00e0 partir de mat\u00e9riaux de qualit\u00e9 joailli\u00e8re et con\u00e7ues pour mettre en valeur une impression d\u00e9taill\u00e9e. Les \u00e9pinglettes cloisonn\u00e9es de 1,25 po sont disponibles \u00e0 partir de 1,95 $\/pi\u00e8ce.   Pas de frais: pas de frais d&#039;installation et d\u2019estampage  \u0152uvre d&#039;art: pr\u00e9paration et cr\u00e9ation artistique incluses  Fabriqu\u00e9 en: Chine  Finition: Or, argent et bronze (brillant ou antique)  Taille: 1,25 po  Couleurs: jusqu&#039;\u00e0 4 couleurs \u201cPantone\u201d  Personnalisation: jusqu&#039;\u00e0 1,25 po  Accessoire: Embrayage papillon ou embrayage en caoutchouc  D\u00e9tails d&#039;emballage: Sac en poly\u00e9thyl\u00e8ne  &nbsp;  Contactez le service client\u00e8le pour conna\u00eetre les prix actuels\" \/>\n<meta property=\"og:url\" content=\"https:\/\/expressionspromoproducts.com\/fr\/produit\/epinglette-cloisonnee-1-25\/\" \/>\n<meta property=\"og:site_name\" content=\"Expressions Products\" \/>\n<meta property=\"article:modified_time\" content=\"2024-05-03T09:34:23+00:00\" \/>\n<meta property=\"og:image\" content=\"http:\/\/expressionspromoproducts.com\/wp-content\/uploads\/2023\/11\/Expressions_one_quarter_inch_cloisonne_01.jpg\" \/>\n\t<meta property=\"og:image:width\" content=\"1000\" \/>\n\t<meta property=\"og:image:height\" content=\"1000\" \/>\n\t<meta property=\"og:image:type\" content=\"image\/jpeg\" \/>\n<meta name=\"twitter:card\" content=\"summary_large_image\" \/>\n<script type=\"application\/ld+json\" class=\"yoast-schema-graph\">{\"@context\":\"https:\/\/schema.org\",\"@graph\":[{\"@type\":\"WebPage\",\"@id\":\"https:\/\/expressionspromoproducts.com\/fr\/produit\/epinglette-cloisonnee-1-25\/\",\"url\":\"https:\/\/expressionspromoproducts.com\/fr\/produit\/epinglette-cloisonnee-1-25\/\",\"name\":\"\u00c9pinglette cloisonn\u00e9e \u2013 1.25\u2033 | Expressions Products\",\"isPartOf\":{\"@id\":\"http:\/\/expressionspromoproducts.com\/fr\/#website\"},\"primaryImageOfPage\":{\"@id\":\"https:\/\/expressionspromoproducts.com\/fr\/produit\/epinglette-cloisonnee-1-25\/#primaryimage\"},\"image\":{\"@id\":\"https:\/\/expressionspromoproducts.com\/fr\/produit\/epinglette-cloisonnee-1-25\/#primaryimage\"},\"thumbnailUrl\":\"https:\/\/expressionspromoproducts.com\/wp-content\/uploads\/2023\/11\/Expressions_one_quarter_inch_cloisonne_01.jpg\",\"datePublished\":\"2020-10-22T15:43:57+00:00\",\"dateModified\":\"2024-05-03T09:34:23+00:00\",\"breadcrumb\":{\"@id\":\"https:\/\/expressionspromoproducts.com\/fr\/produit\/epinglette-cloisonnee-1-25\/#breadcrumb\"},\"inLanguage\":\"fr-FR\",\"potentialAction\":[{\"@type\":\"ReadAction\",\"target\":[\"https:\/\/expressionspromoproducts.com\/fr\/produit\/epinglette-cloisonnee-1-25\/\"]}]},{\"@type\":\"ImageObject\",\"inLanguage\":\"fr-FR\",\"@id\":\"https:\/\/expressionspromoproducts.com\/fr\/produit\/epinglette-cloisonnee-1-25\/#primaryimage\",\"url\":\"https:\/\/expressionspromoproducts.com\/wp-content\/uploads\/2023\/11\/Expressions_one_quarter_inch_cloisonne_01.jpg\",\"contentUrl\":\"https:\/\/expressionspromoproducts.com\/wp-content\/uploads\/2023\/11\/Expressions_one_quarter_inch_cloisonne_01.jpg\",\"width\":1000,\"height\":1000,\"caption\":\"Expressions_one_quarter_inch_cloisonne_01\"},{\"@type\":\"BreadcrumbList\",\"@id\":\"https:\/\/expressionspromoproducts.com\/fr\/produit\/epinglette-cloisonnee-1-25\/#breadcrumb\",\"itemListElement\":[{\"@type\":\"ListItem\",\"position\":1,\"name\":\"Home\",\"item\":\"https:\/\/expressionspromoproducts.com\/fr\/\"},{\"@type\":\"ListItem\",\"position\":2,\"name\":\"Boutique\",\"item\":\"http:\/\/expressionspromoproducts.com\/fr\/boutique\/\"},{\"@type\":\"ListItem\",\"position\":3,\"name\":\"\u00c9pinglette cloisonn\u00e9e \u2013 1.25\u2033\"}]},{\"@type\":\"WebSite\",\"@id\":\"http:\/\/expressionspromoproducts.com\/fr\/#website\",\"url\":\"http:\/\/expressionspromoproducts.com\/fr\/\",\"name\":\"Expressions Products Inc\",\"description\":\"\",\"publisher\":{\"@id\":\"http:\/\/expressionspromoproducts.com\/fr\/#organization\"},\"potentialAction\":[{\"@type\":\"SearchAction\",\"target\":{\"@type\":\"EntryPoint\",\"urlTemplate\":\"http:\/\/expressionspromoproducts.com\/fr\/?s={search_term_string}\"},\"query-input\":{\"@type\":\"PropertyValueSpecification\",\"valueRequired\":true,\"valueName\":\"search_term_string\"}}],\"inLanguage\":\"fr-FR\"},{\"@type\":\"Organization\",\"@id\":\"http:\/\/expressionspromoproducts.com\/fr\/#organization\",\"name\":\"Expressions Products\",\"url\":\"http:\/\/expressionspromoproducts.com\/fr\/\",\"logo\":{\"@type\":\"ImageObject\",\"inLanguage\":\"fr-FR\",\"@id\":\"http:\/\/expressionspromoproducts.com\/fr\/#\/schema\/logo\/image\/\",\"url\":\"https:\/\/expressionspromoproducts.com\/wp-content\/uploads\/2023\/11\/expressions-logo.png\",\"contentUrl\":\"https:\/\/expressionspromoproducts.com\/wp-content\/uploads\/2023\/11\/expressions-logo.png\",\"width\":322,\"height\":43,\"caption\":\"Expressions Products\"},\"image\":{\"@id\":\"http:\/\/expressionspromoproducts.com\/fr\/#\/schema\/logo\/image\/\"}}]}<\/script>\n<!-- \/ Yoast SEO plugin. -->","yoast_head_json":{"title":"\u00c9pinglette cloisonn\u00e9e \u2013 1.25\u2033 | Expressions Products","robots":{"index":"index","follow":"follow","max-snippet":"max-snippet:-1","max-image-preview":"max-image-preview:large","max-video-preview":"max-video-preview:-1"},"canonical":"https:\/\/expressionspromoproducts.com\/fr\/produit\/epinglette-cloisonnee-1-25\/","og_locale":"fr_FR","og_type":"article","og_title":"\u00c9pinglette cloisonn\u00e9e \u2013 1.25\u2033 | Expressions Products","og_description":"Fabriqu\u00e9es sur mesure avec votre design, les \u00e9pinglettes cloisonn\u00e9es de 1,25 po sont fabriqu\u00e9es \u00e0 partir de mat\u00e9riaux de qualit\u00e9 joailli\u00e8re et con\u00e7ues pour mettre en valeur une impression d\u00e9taill\u00e9e. Les \u00e9pinglettes cloisonn\u00e9es de 1,25 po sont disponibles \u00e0 partir de 1,95 $\/pi\u00e8ce.   Pas de frais: pas de frais d'installation et d\u2019estampage  \u0152uvre d'art: pr\u00e9paration et cr\u00e9ation artistique incluses  Fabriqu\u00e9 en: Chine  Finition: Or, argent et bronze (brillant ou antique)  Taille: 1,25 po  Couleurs: jusqu'\u00e0 4 couleurs \u201cPantone\u201d  Personnalisation: jusqu'\u00e0 1,25 po  Accessoire: Embrayage papillon ou embrayage en caoutchouc  D\u00e9tails d'emballage: Sac en poly\u00e9thyl\u00e8ne  &nbsp;  Contactez le service client\u00e8le pour conna\u00eetre les prix actuels","og_url":"https:\/\/expressionspromoproducts.com\/fr\/produit\/epinglette-cloisonnee-1-25\/","og_site_name":"Expressions Products","article_modified_time":"2024-05-03T09:34:23+00:00","og_image":[{"width":1000,"height":1000,"url":"http:\/\/expressionspromoproducts.com\/wp-content\/uploads\/2023\/11\/Expressions_one_quarter_inch_cloisonne_01.jpg","type":"image\/jpeg"}],"twitter_card":"summary_large_image","schema":{"@context":"https:\/\/schema.org","@graph":[{"@type":"WebPage","@id":"https:\/\/expressionspromoproducts.com\/fr\/produit\/epinglette-cloisonnee-1-25\/","url":"https:\/\/expressionspromoproducts.com\/fr\/produit\/epinglette-cloisonnee-1-25\/","name":"\u00c9pinglette cloisonn\u00e9e \u2013 1.25\u2033 | Expressions Products","isPartOf":{"@id":"http:\/\/expressionspromoproducts.com\/fr\/#website"},"primaryImageOfPage":{"@id":"https:\/\/expressionspromoproducts.com\/fr\/produit\/epinglette-cloisonnee-1-25\/#primaryimage"},"image":{"@id":"https:\/\/expressionspromoproducts.com\/fr\/produit\/epinglette-cloisonnee-1-25\/#primaryimage"},"thumbnailUrl":"https:\/\/expressionspromoproducts.com\/wp-content\/uploads\/2023\/11\/Expressions_one_quarter_inch_cloisonne_01.jpg","datePublished":"2020-10-22T15:43:57+00:00","dateModified":"2024-05-03T09:34:23+00:00","breadcrumb":{"@id":"https:\/\/expressionspromoproducts.com\/fr\/produit\/epinglette-cloisonnee-1-25\/#breadcrumb"},"inLanguage":"fr-FR","potentialAction":[{"@type":"ReadAction","target":["https:\/\/expressionspromoproducts.com\/fr\/produit\/epinglette-cloisonnee-1-25\/"]}]},{"@type":"ImageObject","inLanguage":"fr-FR","@id":"https:\/\/expressionspromoproducts.com\/fr\/produit\/epinglette-cloisonnee-1-25\/#primaryimage","url":"https:\/\/expressionspromoproducts.com\/wp-content\/uploads\/2023\/11\/Expressions_one_quarter_inch_cloisonne_01.jpg","contentUrl":"https:\/\/expressionspromoproducts.com\/wp-content\/uploads\/2023\/11\/Expressions_one_quarter_inch_cloisonne_01.jpg","width":1000,"height":1000,"caption":"Expressions_one_quarter_inch_cloisonne_01"},{"@type":"BreadcrumbList","@id":"https:\/\/expressionspromoproducts.com\/fr\/produit\/epinglette-cloisonnee-1-25\/#breadcrumb","itemListElement":[{"@type":"ListItem","position":1,"name":"Home","item":"https:\/\/expressionspromoproducts.com\/fr\/"},{"@type":"ListItem","position":2,"name":"Boutique","item":"http:\/\/expressionspromoproducts.com\/fr\/boutique\/"},{"@type":"ListItem","position":3,"name":"\u00c9pinglette cloisonn\u00e9e \u2013 1.25\u2033"}]},{"@type":"WebSite","@id":"http:\/\/expressionspromoproducts.com\/fr\/#website","url":"http:\/\/expressionspromoproducts.com\/fr\/","name":"Expressions Products Inc","description":"","publisher":{"@id":"http:\/\/expressionspromoproducts.com\/fr\/#organization"},"potentialAction":[{"@type":"SearchAction","target":{"@type":"EntryPoint","urlTemplate":"http:\/\/expressionspromoproducts.com\/fr\/?s={search_term_string}"},"query-input":{"@type":"PropertyValueSpecification","valueRequired":true,"valueName":"search_term_string"}}],"inLanguage":"fr-FR"},{"@type":"Organization","@id":"http:\/\/expressionspromoproducts.com\/fr\/#organization","name":"Expressions Products","url":"http:\/\/expressionspromoproducts.com\/fr\/","logo":{"@type":"ImageObject","inLanguage":"fr-FR","@id":"http:\/\/expressionspromoproducts.com\/fr\/#\/schema\/logo\/image\/","url":"https:\/\/expressionspromoproducts.com\/wp-content\/uploads\/2023\/11\/expressions-logo.png","contentUrl":"https:\/\/expressionspromoproducts.com\/wp-content\/uploads\/2023\/11\/expressions-logo.png","width":322,"height":43,"caption":"Expressions Products"},"image":{"@id":"http:\/\/expressionspromoproducts.com\/fr\/#\/schema\/logo\/image\/"}}]}},"_links":{"self":[{"href":"https:\/\/expressionspromoproducts.com\/fr\/wp-json\/wp\/v2\/product\/7556","targetHints":{"allow":["GET"]}}],"collection":[{"href":"https:\/\/expressionspromoproducts.com\/fr\/wp-json\/wp\/v2\/product"}],"about":[{"href":"https:\/\/expressionspromoproducts.com\/fr\/wp-json\/wp\/v2\/types\/product"}],"version-history":[{"count":2,"href":"https:\/\/expressionspromoproducts.com\/fr\/wp-json\/wp\/v2\/product\/7556\/revisions"}],"predecessor-version":[{"id":7565,"href":"https:\/\/expressionspromoproducts.com\/fr\/wp-json\/wp\/v2\/product\/7556\/revisions\/7565"}],"wp:featuredmedia":[{"embeddable":true,"href":"https:\/\/expressionspromoproducts.com\/fr\/wp-json\/wp\/v2\/media\/6316"}],"wp:attachment":[{"href":"https:\/\/expressionspromoproducts.com\/fr\/wp-json\/wp\/v2\/media?parent=7556"}],"wp:term":[{"taxonomy":"product_cat","embeddable":true,"href":"https:\/\/expressionspromoproducts.com\/fr\/wp-json\/wp\/v2\/product_cat?post=7556"},{"taxonomy":"product_tag","embeddable":true,"href":"https:\/\/expressionspromoproducts.com\/fr\/wp-json\/wp\/v2\/product_tag?post=7556"}],"curies":[{"name":"wp","href":"https:\/\/api.w.org\/{rel}","templated":true}]}}