{"id":7651,"date":"2020-10-27T13:56:13","date_gmt":"2020-10-27T17:56:13","guid":{"rendered":"https:\/\/expressionsproducts.com\/product\/imprinted-lapel-pin-1-2\/"},"modified":"2024-05-03T06:38:35","modified_gmt":"2024-05-03T10:38:35","slug":"epinglette-imprimee-1-2-po","status":"publish","type":"product","link":"https:\/\/expressionspromoproducts.com\/fr\/produit\/epinglette-imprimee-1-2-po\/","title":{"rendered":"\u00c9pinglette imprim\u00e9e \u2013 1\/2 po"},"content":{"rendered":"<div style=\"margin: 20px 0;\"><div class=\"qrcswholewtapper\" style=\"text-align:left;\"><div class=\"qrcprowrapper\"  id=\"qrcwraa2leds\"><div class=\"qrc_canvass\" id=\"qrc_cuttenpages_2\" style=\"display:inline-block\" data-text=\"https:\/\/expressionspromoproducts.com\/fr\/produit\/epinglette-imprimee-1-2-po\/\"><\/div><div><a download=\"\u00c9pinglette imprim\u00e9e \u2013 1\/2 po.png\" class=\"qrcdownloads\" id=\"worign\">\r\n           <button type=\"button\" style=\"min-width:600px;background:#44d813;color:#000;font-weight: 600;border: 1px solid #44d813;border-radius:20px;font-size:12px;padding: 6px 0;\" class=\"uqr_code_btn\">Download QR \ud83e\udc0b<\/button>\r\n           <\/a><\/div><\/div><\/div><\/div>","protected":false},"excerpt":{"rendered":"<p><strong>Les \u00e9pinglettes imprim\u00e9es sont la solution si vous cherchez \u00e0 cr\u00e9er des \u00e9pinglettes d\u00e9taill\u00e9es avec des d\u00e9tails de couleur particuliers. Le joint \u00e9poxy prot\u00e8ge la couleur d\u00e9taill\u00e9e des rayures et donne \u00e0 l&#8217;\u00e9pinglette un aspect lustr\u00e9!<\/strong><\/p>\n<ul>\n<li><span style=\"font-weight: 400;\"><strong>Pas de frais:<\/strong> pas de frais d&#8217;installation et d\u2019estampage<\/span><\/li>\n<li><span style=\"font-weight: 400;\"><strong>\u0152uvre d&#8217;art:<\/strong> pr\u00e9paration et cr\u00e9ation artistique incluses<\/span><\/li>\n<li><span style=\"font-weight: 400;\"><strong>Fabriqu\u00e9 en:<\/strong> Chine<\/span><\/li>\n<li><span style=\"font-weight: 400;\"><strong>Finition:<\/strong> Acier inoxydable, D\u00f4me \u00e9poxy en laiton<\/span><\/li>\n<li><span style=\"font-weight: 400;\"><strong>Taille:<\/strong> 1\/2 po<\/span><\/li>\n<li><span style=\"font-weight: 400;\"><strong>Couleurs:<\/strong> Impression CMJN<\/span><\/li>\n<li><span style=\"font-weight: 400;\"><strong>Personnalisation:<\/strong> jusqu&#8217;\u00e0 1\/2 po<\/span><\/li>\n<li><span style=\"font-weight: 400;\"><strong>Accessoire:<\/strong> Embrayage papillon ou embrayage en caoutchouc<\/span><\/li>\n<li><span style=\"font-weight: 400;\"><strong>D\u00e9tails d&#8217;emballage:<\/strong> Sac en poly\u00e9thyl\u00e8ne<\/span><\/li>\n<\/ul>\n<p>&nbsp;<\/p>\n<p><a class=\"pdp-btn\" href=\"https:\/\/expressionspromoproducts.com\/fr\/contactez-nous\/\" target=\"_blank\" rel=\"noopener noreferrer\">Contactez le service client\u00e8le pour conna\u00eetre les prix actuels<\/a><\/p>\n","protected":false},"featured_media":6403,"template":"","meta":[],"product_cat":[107,133],"product_tag":[],"class_list":["post-7651","product","type-product","status-publish","has-post-thumbnail","hentry","product_cat-epinglettes","product_cat-imprime"],"yoast_head":"<!-- This site is optimized with the Yoast SEO plugin v24.3 - https:\/\/yoast.com\/wordpress\/plugins\/seo\/ -->\n<title>\u00c9pinglette imprim\u00e9e \u2013 1\/2 po | Expressions Products<\/title>\n<meta name=\"robots\" content=\"index, follow, max-snippet:-1, max-image-preview:large, max-video-preview:-1\" \/>\n<link rel=\"canonical\" href=\"https:\/\/expressionspromoproducts.com\/fr\/produit\/epinglette-imprimee-1-2-po\/\" \/>\n<meta property=\"og:locale\" content=\"fr_FR\" \/>\n<meta property=\"og:type\" content=\"article\" \/>\n<meta property=\"og:title\" content=\"\u00c9pinglette imprim\u00e9e \u2013 1\/2 po | Expressions Products\" \/>\n<meta property=\"og:description\" content=\"Les \u00e9pinglettes imprim\u00e9es sont la solution si vous cherchez \u00e0 cr\u00e9er des \u00e9pinglettes d\u00e9taill\u00e9es avec des d\u00e9tails de couleur particuliers. Le joint \u00e9poxy prot\u00e8ge la couleur d\u00e9taill\u00e9e des rayures et donne \u00e0 l&#039;\u00e9pinglette un aspect lustr\u00e9!   Pas de frais: pas de frais d&#039;installation et d\u2019estampage  \u0152uvre d&#039;art: pr\u00e9paration et cr\u00e9ation artistique incluses  Fabriqu\u00e9 en: Chine  Finition: Acier inoxydable, D\u00f4me \u00e9poxy en laiton  Taille: 1\/2 po  Couleurs: Impression CMJN  Personnalisation: jusqu&#039;\u00e0 1\/2 po  Accessoire: Embrayage papillon ou embrayage en caoutchouc  D\u00e9tails d&#039;emballage: Sac en poly\u00e9thyl\u00e8ne  &nbsp;  Contactez le service client\u00e8le pour conna\u00eetre les prix actuels\" \/>\n<meta property=\"og:url\" content=\"https:\/\/expressionspromoproducts.com\/fr\/produit\/epinglette-imprimee-1-2-po\/\" \/>\n<meta property=\"og:site_name\" content=\"Expressions Products\" \/>\n<meta property=\"article:modified_time\" content=\"2024-05-03T10:38:35+00:00\" \/>\n<meta property=\"og:image\" content=\"http:\/\/expressionspromoproducts.com\/wp-content\/uploads\/2023\/11\/imprinted_half_lapelpin_05.jpg\" \/>\n\t<meta property=\"og:image:width\" content=\"1000\" \/>\n\t<meta property=\"og:image:height\" content=\"1000\" \/>\n\t<meta property=\"og:image:type\" content=\"image\/jpeg\" \/>\n<meta name=\"twitter:card\" content=\"summary_large_image\" \/>\n<script type=\"application\/ld+json\" class=\"yoast-schema-graph\">{\"@context\":\"https:\/\/schema.org\",\"@graph\":[{\"@type\":\"WebPage\",\"@id\":\"https:\/\/expressionspromoproducts.com\/fr\/produit\/epinglette-imprimee-1-2-po\/\",\"url\":\"https:\/\/expressionspromoproducts.com\/fr\/produit\/epinglette-imprimee-1-2-po\/\",\"name\":\"\u00c9pinglette imprim\u00e9e \u2013 1\/2 po | Expressions Products\",\"isPartOf\":{\"@id\":\"http:\/\/expressionspromoproducts.com\/fr\/#website\"},\"primaryImageOfPage\":{\"@id\":\"https:\/\/expressionspromoproducts.com\/fr\/produit\/epinglette-imprimee-1-2-po\/#primaryimage\"},\"image\":{\"@id\":\"https:\/\/expressionspromoproducts.com\/fr\/produit\/epinglette-imprimee-1-2-po\/#primaryimage\"},\"thumbnailUrl\":\"https:\/\/expressionspromoproducts.com\/wp-content\/uploads\/2023\/11\/imprinted_half_lapelpin_05.jpg\",\"datePublished\":\"2020-10-27T17:56:13+00:00\",\"dateModified\":\"2024-05-03T10:38:35+00:00\",\"breadcrumb\":{\"@id\":\"https:\/\/expressionspromoproducts.com\/fr\/produit\/epinglette-imprimee-1-2-po\/#breadcrumb\"},\"inLanguage\":\"fr-FR\",\"potentialAction\":[{\"@type\":\"ReadAction\",\"target\":[\"https:\/\/expressionspromoproducts.com\/fr\/produit\/epinglette-imprimee-1-2-po\/\"]}]},{\"@type\":\"ImageObject\",\"inLanguage\":\"fr-FR\",\"@id\":\"https:\/\/expressionspromoproducts.com\/fr\/produit\/epinglette-imprimee-1-2-po\/#primaryimage\",\"url\":\"https:\/\/expressionspromoproducts.com\/wp-content\/uploads\/2023\/11\/imprinted_half_lapelpin_05.jpg\",\"contentUrl\":\"https:\/\/expressionspromoproducts.com\/wp-content\/uploads\/2023\/11\/imprinted_half_lapelpin_05.jpg\",\"width\":1000,\"height\":1000,\"caption\":\"imprinted_half_lapelpin_05\"},{\"@type\":\"BreadcrumbList\",\"@id\":\"https:\/\/expressionspromoproducts.com\/fr\/produit\/epinglette-imprimee-1-2-po\/#breadcrumb\",\"itemListElement\":[{\"@type\":\"ListItem\",\"position\":1,\"name\":\"Home\",\"item\":\"https:\/\/expressionspromoproducts.com\/fr\/\"},{\"@type\":\"ListItem\",\"position\":2,\"name\":\"Boutique\",\"item\":\"http:\/\/expressionspromoproducts.com\/fr\/boutique\/\"},{\"@type\":\"ListItem\",\"position\":3,\"name\":\"\u00c9pinglette imprim\u00e9e \u2013 1\/2 po\"}]},{\"@type\":\"WebSite\",\"@id\":\"http:\/\/expressionspromoproducts.com\/fr\/#website\",\"url\":\"http:\/\/expressionspromoproducts.com\/fr\/\",\"name\":\"Expressions Products Inc\",\"description\":\"\",\"publisher\":{\"@id\":\"http:\/\/expressionspromoproducts.com\/fr\/#organization\"},\"potentialAction\":[{\"@type\":\"SearchAction\",\"target\":{\"@type\":\"EntryPoint\",\"urlTemplate\":\"http:\/\/expressionspromoproducts.com\/fr\/?s={search_term_string}\"},\"query-input\":{\"@type\":\"PropertyValueSpecification\",\"valueRequired\":true,\"valueName\":\"search_term_string\"}}],\"inLanguage\":\"fr-FR\"},{\"@type\":\"Organization\",\"@id\":\"http:\/\/expressionspromoproducts.com\/fr\/#organization\",\"name\":\"Expressions Products\",\"url\":\"http:\/\/expressionspromoproducts.com\/fr\/\",\"logo\":{\"@type\":\"ImageObject\",\"inLanguage\":\"fr-FR\",\"@id\":\"http:\/\/expressionspromoproducts.com\/fr\/#\/schema\/logo\/image\/\",\"url\":\"https:\/\/expressionspromoproducts.com\/wp-content\/uploads\/2023\/11\/expressions-logo.png\",\"contentUrl\":\"https:\/\/expressionspromoproducts.com\/wp-content\/uploads\/2023\/11\/expressions-logo.png\",\"width\":322,\"height\":43,\"caption\":\"Expressions Products\"},\"image\":{\"@id\":\"http:\/\/expressionspromoproducts.com\/fr\/#\/schema\/logo\/image\/\"}}]}<\/script>\n<!-- \/ Yoast SEO plugin. -->","yoast_head_json":{"title":"\u00c9pinglette imprim\u00e9e \u2013 1\/2 po | Expressions Products","robots":{"index":"index","follow":"follow","max-snippet":"max-snippet:-1","max-image-preview":"max-image-preview:large","max-video-preview":"max-video-preview:-1"},"canonical":"https:\/\/expressionspromoproducts.com\/fr\/produit\/epinglette-imprimee-1-2-po\/","og_locale":"fr_FR","og_type":"article","og_title":"\u00c9pinglette imprim\u00e9e \u2013 1\/2 po | Expressions Products","og_description":"Les \u00e9pinglettes imprim\u00e9es sont la solution si vous cherchez \u00e0 cr\u00e9er des \u00e9pinglettes d\u00e9taill\u00e9es avec des d\u00e9tails de couleur particuliers. Le joint \u00e9poxy prot\u00e8ge la couleur d\u00e9taill\u00e9e des rayures et donne \u00e0 l'\u00e9pinglette un aspect lustr\u00e9!   Pas de frais: pas de frais d'installation et d\u2019estampage  \u0152uvre d'art: pr\u00e9paration et cr\u00e9ation artistique incluses  Fabriqu\u00e9 en: Chine  Finition: Acier inoxydable, D\u00f4me \u00e9poxy en laiton  Taille: 1\/2 po  Couleurs: Impression CMJN  Personnalisation: jusqu'\u00e0 1\/2 po  Accessoire: Embrayage papillon ou embrayage en caoutchouc  D\u00e9tails d'emballage: Sac en poly\u00e9thyl\u00e8ne  &nbsp;  Contactez le service client\u00e8le pour conna\u00eetre les prix actuels","og_url":"https:\/\/expressionspromoproducts.com\/fr\/produit\/epinglette-imprimee-1-2-po\/","og_site_name":"Expressions Products","article_modified_time":"2024-05-03T10:38:35+00:00","og_image":[{"width":1000,"height":1000,"url":"http:\/\/expressionspromoproducts.com\/wp-content\/uploads\/2023\/11\/imprinted_half_lapelpin_05.jpg","type":"image\/jpeg"}],"twitter_card":"summary_large_image","schema":{"@context":"https:\/\/schema.org","@graph":[{"@type":"WebPage","@id":"https:\/\/expressionspromoproducts.com\/fr\/produit\/epinglette-imprimee-1-2-po\/","url":"https:\/\/expressionspromoproducts.com\/fr\/produit\/epinglette-imprimee-1-2-po\/","name":"\u00c9pinglette imprim\u00e9e \u2013 1\/2 po | Expressions Products","isPartOf":{"@id":"http:\/\/expressionspromoproducts.com\/fr\/#website"},"primaryImageOfPage":{"@id":"https:\/\/expressionspromoproducts.com\/fr\/produit\/epinglette-imprimee-1-2-po\/#primaryimage"},"image":{"@id":"https:\/\/expressionspromoproducts.com\/fr\/produit\/epinglette-imprimee-1-2-po\/#primaryimage"},"thumbnailUrl":"https:\/\/expressionspromoproducts.com\/wp-content\/uploads\/2023\/11\/imprinted_half_lapelpin_05.jpg","datePublished":"2020-10-27T17:56:13+00:00","dateModified":"2024-05-03T10:38:35+00:00","breadcrumb":{"@id":"https:\/\/expressionspromoproducts.com\/fr\/produit\/epinglette-imprimee-1-2-po\/#breadcrumb"},"inLanguage":"fr-FR","potentialAction":[{"@type":"ReadAction","target":["https:\/\/expressionspromoproducts.com\/fr\/produit\/epinglette-imprimee-1-2-po\/"]}]},{"@type":"ImageObject","inLanguage":"fr-FR","@id":"https:\/\/expressionspromoproducts.com\/fr\/produit\/epinglette-imprimee-1-2-po\/#primaryimage","url":"https:\/\/expressionspromoproducts.com\/wp-content\/uploads\/2023\/11\/imprinted_half_lapelpin_05.jpg","contentUrl":"https:\/\/expressionspromoproducts.com\/wp-content\/uploads\/2023\/11\/imprinted_half_lapelpin_05.jpg","width":1000,"height":1000,"caption":"imprinted_half_lapelpin_05"},{"@type":"BreadcrumbList","@id":"https:\/\/expressionspromoproducts.com\/fr\/produit\/epinglette-imprimee-1-2-po\/#breadcrumb","itemListElement":[{"@type":"ListItem","position":1,"name":"Home","item":"https:\/\/expressionspromoproducts.com\/fr\/"},{"@type":"ListItem","position":2,"name":"Boutique","item":"http:\/\/expressionspromoproducts.com\/fr\/boutique\/"},{"@type":"ListItem","position":3,"name":"\u00c9pinglette imprim\u00e9e \u2013 1\/2 po"}]},{"@type":"WebSite","@id":"http:\/\/expressionspromoproducts.com\/fr\/#website","url":"http:\/\/expressionspromoproducts.com\/fr\/","name":"Expressions Products Inc","description":"","publisher":{"@id":"http:\/\/expressionspromoproducts.com\/fr\/#organization"},"potentialAction":[{"@type":"SearchAction","target":{"@type":"EntryPoint","urlTemplate":"http:\/\/expressionspromoproducts.com\/fr\/?s={search_term_string}"},"query-input":{"@type":"PropertyValueSpecification","valueRequired":true,"valueName":"search_term_string"}}],"inLanguage":"fr-FR"},{"@type":"Organization","@id":"http:\/\/expressionspromoproducts.com\/fr\/#organization","name":"Expressions Products","url":"http:\/\/expressionspromoproducts.com\/fr\/","logo":{"@type":"ImageObject","inLanguage":"fr-FR","@id":"http:\/\/expressionspromoproducts.com\/fr\/#\/schema\/logo\/image\/","url":"https:\/\/expressionspromoproducts.com\/wp-content\/uploads\/2023\/11\/expressions-logo.png","contentUrl":"https:\/\/expressionspromoproducts.com\/wp-content\/uploads\/2023\/11\/expressions-logo.png","width":322,"height":43,"caption":"Expressions Products"},"image":{"@id":"http:\/\/expressionspromoproducts.com\/fr\/#\/schema\/logo\/image\/"}}]}},"_links":{"self":[{"href":"https:\/\/expressionspromoproducts.com\/fr\/wp-json\/wp\/v2\/product\/7651","targetHints":{"allow":["GET"]}}],"collection":[{"href":"https:\/\/expressionspromoproducts.com\/fr\/wp-json\/wp\/v2\/product"}],"about":[{"href":"https:\/\/expressionspromoproducts.com\/fr\/wp-json\/wp\/v2\/types\/product"}],"version-history":[{"count":1,"href":"https:\/\/expressionspromoproducts.com\/fr\/wp-json\/wp\/v2\/product\/7651\/revisions"}],"predecessor-version":[{"id":7653,"href":"https:\/\/expressionspromoproducts.com\/fr\/wp-json\/wp\/v2\/product\/7651\/revisions\/7653"}],"wp:featuredmedia":[{"embeddable":true,"href":"https:\/\/expressionspromoproducts.com\/fr\/wp-json\/wp\/v2\/media\/6403"}],"wp:attachment":[{"href":"https:\/\/expressionspromoproducts.com\/fr\/wp-json\/wp\/v2\/media?parent=7651"}],"wp:term":[{"taxonomy":"product_cat","embeddable":true,"href":"https:\/\/expressionspromoproducts.com\/fr\/wp-json\/wp\/v2\/product_cat?post=7651"},{"taxonomy":"product_tag","embeddable":true,"href":"https:\/\/expressionspromoproducts.com\/fr\/wp-json\/wp\/v2\/product_tag?post=7651"}],"curies":[{"name":"wp","href":"https:\/\/api.w.org\/{rel}","templated":true}]}}