{"id":7660,"date":"2020-11-19T14:43:03","date_gmt":"2020-11-19T19:43:03","guid":{"rendered":"https:\/\/expressionsproducts.com\/product\/soft-enamel-coin-1-5-2-sides\/"},"modified":"2024-05-03T06:45:59","modified_gmt":"2024-05-03T10:45:59","slug":"piece-de-defi-en-email-souple-15-po-2-cotes","status":"publish","type":"product","link":"https:\/\/expressionspromoproducts.com\/fr\/produit\/piece-de-defi-en-email-souple-15-po-2-cotes\/","title":{"rendered":"Pi\u00e8ce de d\u00e9fi en \u00e9mail souple \u2013 1,5 po \u2013 2 cot\u00e9s"},"content":{"rendered":"<div style=\"margin: 20px 0;\"><div class=\"qrcswholewtapper\" style=\"text-align:left;\"><div class=\"qrcprowrapper\"  id=\"qrcwraa2leds\"><div class=\"qrc_canvass\" id=\"qrc_cuttenpages_2\" style=\"display:inline-block\" data-text=\"https:\/\/expressionspromoproducts.com\/fr\/produit\/piece-de-defi-en-email-souple-15-po-2-cotes\/\"><\/div><div><a download=\"Pi\u00e8ce de d\u00e9fi en \u00e9mail souple \u2013 1,5 po \u2013 2 cot\u00e9s.png\" class=\"qrcdownloads\" id=\"worign\">\r\n           <button type=\"button\" style=\"min-width:600px;background:#44d813;color:#000;font-weight: 600;border: 1px solid #44d813;border-radius:20px;font-size:12px;padding: 6px 0;\" class=\"uqr_code_btn\">Download QR \ud83e\udc0b<\/button>\r\n           <\/a><\/div><\/div><\/div><\/div>","protected":false},"excerpt":{"rendered":"<p><strong>Nos pi\u00e8ces de d\u00e9fi en \u00e9mail souple sont parfaites pour les clients \u00e0 la recherche d&#8217;une pi\u00e8ce avec un peu de couleur. Disponible dans toutes les finitions m\u00e9talliques, y compris la finition antique, nous veillons \u00e0 ce que le message de la pi\u00e8ce soit visible. Le passage d&#8217;une pi\u00e8ce de d\u00e9fi a ses racines dans l&#8217;arm\u00e9e et montre l&#8217;honneur et le respect d&#8217;une organisation.<\/strong><\/p>\n<ul>\n<li><span style=\"font-weight: 400;\"><strong>Pas de frais:<\/strong> pas de frais d&#8217;installation et d\u2019estampage<\/span><\/li>\n<li><span style=\"font-weight: 400;\"><strong>\u0152uvre d&#8217;art:<\/strong> pr\u00e9paration et cr\u00e9ation artistique incluses<\/span><\/li>\n<li><span style=\"font-weight: 400;\"><strong>Fabriqu\u00e9 en:<\/strong> Chine<\/span><\/li>\n<li><span style=\"font-weight: 400;\"><strong>Finition:<\/strong> Nickel, Or, Cuivre \u2013 Brillant ou Antique<\/span><\/li>\n<li><span style=\"font-weight: 400;\"><strong>Taille:<\/strong> 1,5 po<\/span><\/li>\n<li><span style=\"font-weight: 400;\"><strong>Couleurs:<\/strong> Jusqu&#8217;\u00e0 4 couleurs \u201cPantone\u201d de chaque c\u00f4t\u00e9<\/span><\/li>\n<li><span style=\"font-weight: 400;\"><strong>Personnalisation:<\/strong> Jusqu&#8217;\u00e0 1,5 po sur 2 c\u00f4t\u00e9s<\/span><\/li>\n<li><span style=\"font-weight: 400;\"><strong>Accessoire:<\/strong> N\/a<\/span><\/li>\n<li><span style=\"font-weight: 400;\"><strong>D\u00e9tails d&#8217;emballage:<\/strong> Sac en poly\u00e9thyl\u00e8ne<\/span><\/li>\n<\/ul>\n<p><a class=\"pdp-btn\" href=\"https:\/\/expressionspromoproducts.com\/fr\/contactez-nous\/\" target=\"_blank\" rel=\"noopener noreferrer\">Contactez le service client\u00e8le pour conna\u00eetre les prix actuels<\/a><\/p>\n","protected":false},"featured_media":6615,"template":"","meta":[],"product_cat":[98,99],"product_tag":[],"class_list":["post-7660","product","type-product","status-publish","has-post-thumbnail","hentry","product_cat-pieces-de-defi-fr","product_cat-soft-enamel-coins-fr"],"yoast_head":"<!-- This site is optimized with the Yoast SEO plugin v24.3 - https:\/\/yoast.com\/wordpress\/plugins\/seo\/ -->\n<title>Pi\u00e8ce de d\u00e9fi en \u00e9mail souple \u2013 1,5 po \u2013 2 cot\u00e9s | Expressions Products<\/title>\n<meta name=\"robots\" content=\"index, follow, max-snippet:-1, max-image-preview:large, max-video-preview:-1\" \/>\n<link rel=\"canonical\" href=\"https:\/\/expressionspromoproducts.com\/fr\/produit\/piece-de-defi-en-email-souple-15-po-2-cotes\/\" \/>\n<meta property=\"og:locale\" content=\"fr_FR\" \/>\n<meta property=\"og:type\" content=\"article\" \/>\n<meta property=\"og:title\" content=\"Pi\u00e8ce de d\u00e9fi en \u00e9mail souple \u2013 1,5 po \u2013 2 cot\u00e9s | Expressions Products\" \/>\n<meta property=\"og:description\" content=\"Nos pi\u00e8ces de d\u00e9fi en \u00e9mail souple sont parfaites pour les clients \u00e0 la recherche d&#039;une pi\u00e8ce avec un peu de couleur. Disponible dans toutes les finitions m\u00e9talliques, y compris la finition antique, nous veillons \u00e0 ce que le message de la pi\u00e8ce soit visible. Le passage d&#039;une pi\u00e8ce de d\u00e9fi a ses racines dans l&#039;arm\u00e9e et montre l&#039;honneur et le respect d&#039;une organisation.   Pas de frais: pas de frais d&#039;installation et d\u2019estampage  \u0152uvre d&#039;art: pr\u00e9paration et cr\u00e9ation artistique incluses  Fabriqu\u00e9 en: Chine  Finition: Nickel, Or, Cuivre \u2013 Brillant ou Antique  Taille: 1,5 po  Couleurs: Jusqu&#039;\u00e0 4 couleurs \u201cPantone\u201d de chaque c\u00f4t\u00e9  Personnalisation: Jusqu&#039;\u00e0 1,5 po sur 2 c\u00f4t\u00e9s  Accessoire: N\/a  D\u00e9tails d&#039;emballage: Sac en poly\u00e9thyl\u00e8ne  Contactez le service client\u00e8le pour conna\u00eetre les prix actuels\" \/>\n<meta property=\"og:url\" content=\"https:\/\/expressionspromoproducts.com\/fr\/produit\/piece-de-defi-en-email-souple-15-po-2-cotes\/\" \/>\n<meta property=\"og:site_name\" content=\"Expressions Products\" \/>\n<meta property=\"article:modified_time\" content=\"2024-05-03T10:45:59+00:00\" \/>\n<meta property=\"og:image\" content=\"http:\/\/expressionspromoproducts.com\/wp-content\/uploads\/2023\/11\/CoinsSE06.jpg\" \/>\n\t<meta property=\"og:image:width\" content=\"1000\" \/>\n\t<meta property=\"og:image:height\" content=\"1000\" \/>\n\t<meta property=\"og:image:type\" content=\"image\/jpeg\" \/>\n<meta name=\"twitter:card\" content=\"summary_large_image\" \/>\n<script type=\"application\/ld+json\" class=\"yoast-schema-graph\">{\"@context\":\"https:\/\/schema.org\",\"@graph\":[{\"@type\":\"WebPage\",\"@id\":\"https:\/\/expressionspromoproducts.com\/fr\/produit\/piece-de-defi-en-email-souple-15-po-2-cotes\/\",\"url\":\"https:\/\/expressionspromoproducts.com\/fr\/produit\/piece-de-defi-en-email-souple-15-po-2-cotes\/\",\"name\":\"Pi\u00e8ce de d\u00e9fi en \u00e9mail souple \u2013 1,5 po \u2013 2 cot\u00e9s | Expressions Products\",\"isPartOf\":{\"@id\":\"http:\/\/expressionspromoproducts.com\/fr\/#website\"},\"primaryImageOfPage\":{\"@id\":\"https:\/\/expressionspromoproducts.com\/fr\/produit\/piece-de-defi-en-email-souple-15-po-2-cotes\/#primaryimage\"},\"image\":{\"@id\":\"https:\/\/expressionspromoproducts.com\/fr\/produit\/piece-de-defi-en-email-souple-15-po-2-cotes\/#primaryimage\"},\"thumbnailUrl\":\"https:\/\/expressionspromoproducts.com\/wp-content\/uploads\/2023\/11\/CoinsSE06.jpg\",\"datePublished\":\"2020-11-19T19:43:03+00:00\",\"dateModified\":\"2024-05-03T10:45:59+00:00\",\"breadcrumb\":{\"@id\":\"https:\/\/expressionspromoproducts.com\/fr\/produit\/piece-de-defi-en-email-souple-15-po-2-cotes\/#breadcrumb\"},\"inLanguage\":\"fr-FR\",\"potentialAction\":[{\"@type\":\"ReadAction\",\"target\":[\"https:\/\/expressionspromoproducts.com\/fr\/produit\/piece-de-defi-en-email-souple-15-po-2-cotes\/\"]}]},{\"@type\":\"ImageObject\",\"inLanguage\":\"fr-FR\",\"@id\":\"https:\/\/expressionspromoproducts.com\/fr\/produit\/piece-de-defi-en-email-souple-15-po-2-cotes\/#primaryimage\",\"url\":\"https:\/\/expressionspromoproducts.com\/wp-content\/uploads\/2023\/11\/CoinsSE06.jpg\",\"contentUrl\":\"https:\/\/expressionspromoproducts.com\/wp-content\/uploads\/2023\/11\/CoinsSE06.jpg\",\"width\":1000,\"height\":1000,\"caption\":\"ExpressionsCoinsSE06\"},{\"@type\":\"BreadcrumbList\",\"@id\":\"https:\/\/expressionspromoproducts.com\/fr\/produit\/piece-de-defi-en-email-souple-15-po-2-cotes\/#breadcrumb\",\"itemListElement\":[{\"@type\":\"ListItem\",\"position\":1,\"name\":\"Home\",\"item\":\"https:\/\/expressionspromoproducts.com\/fr\/\"},{\"@type\":\"ListItem\",\"position\":2,\"name\":\"Boutique\",\"item\":\"http:\/\/expressionspromoproducts.com\/fr\/boutique\/\"},{\"@type\":\"ListItem\",\"position\":3,\"name\":\"Pi\u00e8ce de d\u00e9fi en \u00e9mail souple \u2013 1,5 po \u2013 2 cot\u00e9s\"}]},{\"@type\":\"WebSite\",\"@id\":\"http:\/\/expressionspromoproducts.com\/fr\/#website\",\"url\":\"http:\/\/expressionspromoproducts.com\/fr\/\",\"name\":\"Expressions Products Inc\",\"description\":\"\",\"publisher\":{\"@id\":\"http:\/\/expressionspromoproducts.com\/fr\/#organization\"},\"potentialAction\":[{\"@type\":\"SearchAction\",\"target\":{\"@type\":\"EntryPoint\",\"urlTemplate\":\"http:\/\/expressionspromoproducts.com\/fr\/?s={search_term_string}\"},\"query-input\":{\"@type\":\"PropertyValueSpecification\",\"valueRequired\":true,\"valueName\":\"search_term_string\"}}],\"inLanguage\":\"fr-FR\"},{\"@type\":\"Organization\",\"@id\":\"http:\/\/expressionspromoproducts.com\/fr\/#organization\",\"name\":\"Expressions Products\",\"url\":\"http:\/\/expressionspromoproducts.com\/fr\/\",\"logo\":{\"@type\":\"ImageObject\",\"inLanguage\":\"fr-FR\",\"@id\":\"http:\/\/expressionspromoproducts.com\/fr\/#\/schema\/logo\/image\/\",\"url\":\"https:\/\/expressionspromoproducts.com\/wp-content\/uploads\/2023\/11\/expressions-logo.png\",\"contentUrl\":\"https:\/\/expressionspromoproducts.com\/wp-content\/uploads\/2023\/11\/expressions-logo.png\",\"width\":322,\"height\":43,\"caption\":\"Expressions Products\"},\"image\":{\"@id\":\"http:\/\/expressionspromoproducts.com\/fr\/#\/schema\/logo\/image\/\"}}]}<\/script>\n<!-- \/ Yoast SEO plugin. -->","yoast_head_json":{"title":"Pi\u00e8ce de d\u00e9fi en \u00e9mail souple \u2013 1,5 po \u2013 2 cot\u00e9s | Expressions Products","robots":{"index":"index","follow":"follow","max-snippet":"max-snippet:-1","max-image-preview":"max-image-preview:large","max-video-preview":"max-video-preview:-1"},"canonical":"https:\/\/expressionspromoproducts.com\/fr\/produit\/piece-de-defi-en-email-souple-15-po-2-cotes\/","og_locale":"fr_FR","og_type":"article","og_title":"Pi\u00e8ce de d\u00e9fi en \u00e9mail souple \u2013 1,5 po \u2013 2 cot\u00e9s | Expressions Products","og_description":"Nos pi\u00e8ces de d\u00e9fi en \u00e9mail souple sont parfaites pour les clients \u00e0 la recherche d'une pi\u00e8ce avec un peu de couleur. Disponible dans toutes les finitions m\u00e9talliques, y compris la finition antique, nous veillons \u00e0 ce que le message de la pi\u00e8ce soit visible. Le passage d'une pi\u00e8ce de d\u00e9fi a ses racines dans l'arm\u00e9e et montre l'honneur et le respect d'une organisation.   Pas de frais: pas de frais d'installation et d\u2019estampage  \u0152uvre d'art: pr\u00e9paration et cr\u00e9ation artistique incluses  Fabriqu\u00e9 en: Chine  Finition: Nickel, Or, Cuivre \u2013 Brillant ou Antique  Taille: 1,5 po  Couleurs: Jusqu'\u00e0 4 couleurs \u201cPantone\u201d de chaque c\u00f4t\u00e9  Personnalisation: Jusqu'\u00e0 1,5 po sur 2 c\u00f4t\u00e9s  Accessoire: N\/a  D\u00e9tails d'emballage: Sac en poly\u00e9thyl\u00e8ne  Contactez le service client\u00e8le pour conna\u00eetre les prix actuels","og_url":"https:\/\/expressionspromoproducts.com\/fr\/produit\/piece-de-defi-en-email-souple-15-po-2-cotes\/","og_site_name":"Expressions Products","article_modified_time":"2024-05-03T10:45:59+00:00","og_image":[{"width":1000,"height":1000,"url":"http:\/\/expressionspromoproducts.com\/wp-content\/uploads\/2023\/11\/CoinsSE06.jpg","type":"image\/jpeg"}],"twitter_card":"summary_large_image","schema":{"@context":"https:\/\/schema.org","@graph":[{"@type":"WebPage","@id":"https:\/\/expressionspromoproducts.com\/fr\/produit\/piece-de-defi-en-email-souple-15-po-2-cotes\/","url":"https:\/\/expressionspromoproducts.com\/fr\/produit\/piece-de-defi-en-email-souple-15-po-2-cotes\/","name":"Pi\u00e8ce de d\u00e9fi en \u00e9mail souple \u2013 1,5 po \u2013 2 cot\u00e9s | Expressions Products","isPartOf":{"@id":"http:\/\/expressionspromoproducts.com\/fr\/#website"},"primaryImageOfPage":{"@id":"https:\/\/expressionspromoproducts.com\/fr\/produit\/piece-de-defi-en-email-souple-15-po-2-cotes\/#primaryimage"},"image":{"@id":"https:\/\/expressionspromoproducts.com\/fr\/produit\/piece-de-defi-en-email-souple-15-po-2-cotes\/#primaryimage"},"thumbnailUrl":"https:\/\/expressionspromoproducts.com\/wp-content\/uploads\/2023\/11\/CoinsSE06.jpg","datePublished":"2020-11-19T19:43:03+00:00","dateModified":"2024-05-03T10:45:59+00:00","breadcrumb":{"@id":"https:\/\/expressionspromoproducts.com\/fr\/produit\/piece-de-defi-en-email-souple-15-po-2-cotes\/#breadcrumb"},"inLanguage":"fr-FR","potentialAction":[{"@type":"ReadAction","target":["https:\/\/expressionspromoproducts.com\/fr\/produit\/piece-de-defi-en-email-souple-15-po-2-cotes\/"]}]},{"@type":"ImageObject","inLanguage":"fr-FR","@id":"https:\/\/expressionspromoproducts.com\/fr\/produit\/piece-de-defi-en-email-souple-15-po-2-cotes\/#primaryimage","url":"https:\/\/expressionspromoproducts.com\/wp-content\/uploads\/2023\/11\/CoinsSE06.jpg","contentUrl":"https:\/\/expressionspromoproducts.com\/wp-content\/uploads\/2023\/11\/CoinsSE06.jpg","width":1000,"height":1000,"caption":"ExpressionsCoinsSE06"},{"@type":"BreadcrumbList","@id":"https:\/\/expressionspromoproducts.com\/fr\/produit\/piece-de-defi-en-email-souple-15-po-2-cotes\/#breadcrumb","itemListElement":[{"@type":"ListItem","position":1,"name":"Home","item":"https:\/\/expressionspromoproducts.com\/fr\/"},{"@type":"ListItem","position":2,"name":"Boutique","item":"http:\/\/expressionspromoproducts.com\/fr\/boutique\/"},{"@type":"ListItem","position":3,"name":"Pi\u00e8ce de d\u00e9fi en \u00e9mail souple \u2013 1,5 po \u2013 2 cot\u00e9s"}]},{"@type":"WebSite","@id":"http:\/\/expressionspromoproducts.com\/fr\/#website","url":"http:\/\/expressionspromoproducts.com\/fr\/","name":"Expressions Products Inc","description":"","publisher":{"@id":"http:\/\/expressionspromoproducts.com\/fr\/#organization"},"potentialAction":[{"@type":"SearchAction","target":{"@type":"EntryPoint","urlTemplate":"http:\/\/expressionspromoproducts.com\/fr\/?s={search_term_string}"},"query-input":{"@type":"PropertyValueSpecification","valueRequired":true,"valueName":"search_term_string"}}],"inLanguage":"fr-FR"},{"@type":"Organization","@id":"http:\/\/expressionspromoproducts.com\/fr\/#organization","name":"Expressions Products","url":"http:\/\/expressionspromoproducts.com\/fr\/","logo":{"@type":"ImageObject","inLanguage":"fr-FR","@id":"http:\/\/expressionspromoproducts.com\/fr\/#\/schema\/logo\/image\/","url":"https:\/\/expressionspromoproducts.com\/wp-content\/uploads\/2023\/11\/expressions-logo.png","contentUrl":"https:\/\/expressionspromoproducts.com\/wp-content\/uploads\/2023\/11\/expressions-logo.png","width":322,"height":43,"caption":"Expressions Products"},"image":{"@id":"http:\/\/expressionspromoproducts.com\/fr\/#\/schema\/logo\/image\/"}}]}},"_links":{"self":[{"href":"https:\/\/expressionspromoproducts.com\/fr\/wp-json\/wp\/v2\/product\/7660","targetHints":{"allow":["GET"]}}],"collection":[{"href":"https:\/\/expressionspromoproducts.com\/fr\/wp-json\/wp\/v2\/product"}],"about":[{"href":"https:\/\/expressionspromoproducts.com\/fr\/wp-json\/wp\/v2\/types\/product"}],"version-history":[{"count":3,"href":"https:\/\/expressionspromoproducts.com\/fr\/wp-json\/wp\/v2\/product\/7660\/revisions"}],"predecessor-version":[{"id":7666,"href":"https:\/\/expressionspromoproducts.com\/fr\/wp-json\/wp\/v2\/product\/7660\/revisions\/7666"}],"wp:featuredmedia":[{"embeddable":true,"href":"https:\/\/expressionspromoproducts.com\/fr\/wp-json\/wp\/v2\/media\/6615"}],"wp:attachment":[{"href":"https:\/\/expressionspromoproducts.com\/fr\/wp-json\/wp\/v2\/media?parent=7660"}],"wp:term":[{"taxonomy":"product_cat","embeddable":true,"href":"https:\/\/expressionspromoproducts.com\/fr\/wp-json\/wp\/v2\/product_cat?post=7660"},{"taxonomy":"product_tag","embeddable":true,"href":"https:\/\/expressionspromoproducts.com\/fr\/wp-json\/wp\/v2\/product_tag?post=7660"}],"curies":[{"name":"wp","href":"https:\/\/api.w.org\/{rel}","templated":true}]}}