{"id":7734,"date":"2020-11-17T14:38:09","date_gmt":"2020-11-17T19:38:09","guid":{"rendered":"https:\/\/expressionsproducts.com\/product\/convenient-shape\/"},"modified":"2024-05-05T23:06:39","modified_gmt":"2024-05-06T03:06:39","slug":"forme-pratique","status":"publish","type":"product","link":"https:\/\/expressionspromoproducts.com\/fr\/produit\/forme-pratique\/","title":{"rendered":"Forme pratique"},"content":{"rendered":"<div style=\"margin: 20px 0;\"><div class=\"qrcswholewtapper\" style=\"text-align:left;\"><div class=\"qrcprowrapper\"  id=\"qrcwraa2leds\"><div class=\"qrc_canvass\" id=\"qrc_cuttenpages_2\" style=\"display:inline-block\" data-text=\"https:\/\/expressionspromoproducts.com\/fr\/produit\/forme-pratique\/\"><\/div><div><a download=\"Forme pratique.png\" class=\"qrcdownloads\" id=\"worign\">\r\n           <button type=\"button\" style=\"min-width:600px;background:#44d813;color:#000;font-weight: 600;border: 1px solid #44d813;border-radius:20px;font-size:12px;padding: 6px 0;\" class=\"uqr_code_btn\">Download QR \ud83e\udc0b<\/button>\r\n           <\/a><\/div><\/div><\/div><\/div>","protected":false},"excerpt":{"rendered":"<p><strong>Faites la promotion de votre entreprise sur les pi\u00e8ces du panier d&#8217;achat. Un cadeau que nous pouvons tous utiliser!<\/strong><\/p>\n<ul>\n<li><span style=\"font-weight: 400;\"><strong>Pas de frais:<\/strong> pas de frais d&#8217;installation et d\u2019estampage<\/span><\/li>\n<li><span style=\"font-weight: 400;\"><strong>\u0152uvre d&#8217;art:<\/strong> pr\u00e9paration et cr\u00e9ation artistique incluses<\/span><\/li>\n<li><span style=\"font-weight: 400;\"><strong>Fabriqu\u00e9 en:<\/strong> Chine<\/span><\/li>\n<li><span style=\"font-weight: 400;\"><strong>Finition:<\/strong> Argent<\/span><\/li>\n<li><span style=\"font-weight: 400;\"><strong>Taille:<\/strong> 2 po<\/span><\/li>\n<li><span style=\"font-weight: 400;\"><strong>Couleurs:<\/strong> jusqu&#8217;\u00e0 4 couleurs \u201cPantone\u201d<\/span><\/li>\n<li><span style=\"font-weight: 400;\"><strong>Personnalisation:<\/strong> Jusqu&#8217;\u00e0 2 po sur 1 c\u00f4t\u00e9<\/span><\/li>\n<li><span style=\"font-weight: 400;\"><strong>Accessoire:<\/strong> Anneau de cl\u00e9 style homard<\/span><\/li>\n<li><span style=\"font-weight: 400;\"><strong>D\u00e9tails d&#8217;emballage:<\/strong> Sac en poly\u00e9thyl\u00e8ne<\/span><\/li>\n<\/ul>\n<p><a class=\"pdp-btn\" href=\"https:\/\/expressionspromoproducts.com\/fr\/contactez-nous\/\" target=\"_blank\" rel=\"noopener noreferrer\">Contactez le service client\u00e8le pour conna\u00eetre les prix actuels<\/a><\/p>\n","protected":false},"featured_media":6578,"template":"","meta":[],"product_cat":[101],"product_tag":[],"class_list":["post-7734","product","type-product","status-publish","has-post-thumbnail","hentry","product_cat-piece-pour-panier-dachat"],"yoast_head":"<!-- This site is optimized with the Yoast SEO plugin v24.3 - https:\/\/yoast.com\/wordpress\/plugins\/seo\/ -->\n<title>Forme pratique | Expressions Products<\/title>\n<meta name=\"robots\" content=\"index, follow, max-snippet:-1, max-image-preview:large, max-video-preview:-1\" \/>\n<link rel=\"canonical\" href=\"https:\/\/expressionspromoproducts.com\/fr\/produit\/forme-pratique\/\" \/>\n<meta property=\"og:locale\" content=\"fr_FR\" \/>\n<meta property=\"og:type\" content=\"article\" \/>\n<meta property=\"og:title\" content=\"Forme pratique | Expressions Products\" \/>\n<meta property=\"og:description\" content=\"Faites la promotion de votre entreprise sur les pi\u00e8ces du panier d&#039;achat. Un cadeau que nous pouvons tous utiliser!   Pas de frais: pas de frais d&#039;installation et d\u2019estampage  \u0152uvre d&#039;art: pr\u00e9paration et cr\u00e9ation artistique incluses  Fabriqu\u00e9 en: Chine  Finition: Argent  Taille: 2 po  Couleurs: jusqu&#039;\u00e0 4 couleurs \u201cPantone\u201d  Personnalisation: Jusqu&#039;\u00e0 2 po sur 1 c\u00f4t\u00e9  Accessoire: Anneau de cl\u00e9 style homard  D\u00e9tails d&#039;emballage: Sac en poly\u00e9thyl\u00e8ne  Contactez le service client\u00e8le pour conna\u00eetre les prix actuels\" \/>\n<meta property=\"og:url\" content=\"https:\/\/expressionspromoproducts.com\/fr\/produit\/forme-pratique\/\" \/>\n<meta property=\"og:site_name\" content=\"Expressions Products\" \/>\n<meta property=\"article:modified_time\" content=\"2024-05-06T03:06:39+00:00\" \/>\n<meta property=\"og:image\" content=\"http:\/\/expressionspromoproducts.com\/wp-content\/uploads\/2023\/11\/ExpressionsSCCoinConvenient.jpg\" \/>\n\t<meta property=\"og:image:width\" content=\"1000\" \/>\n\t<meta property=\"og:image:height\" content=\"1000\" \/>\n\t<meta property=\"og:image:type\" content=\"image\/jpeg\" \/>\n<meta name=\"twitter:card\" content=\"summary_large_image\" \/>\n<script type=\"application\/ld+json\" class=\"yoast-schema-graph\">{\"@context\":\"https:\/\/schema.org\",\"@graph\":[{\"@type\":\"WebPage\",\"@id\":\"https:\/\/expressionspromoproducts.com\/fr\/produit\/forme-pratique\/\",\"url\":\"https:\/\/expressionspromoproducts.com\/fr\/produit\/forme-pratique\/\",\"name\":\"Forme pratique | Expressions Products\",\"isPartOf\":{\"@id\":\"http:\/\/expressionspromoproducts.com\/fr\/#website\"},\"primaryImageOfPage\":{\"@id\":\"https:\/\/expressionspromoproducts.com\/fr\/produit\/forme-pratique\/#primaryimage\"},\"image\":{\"@id\":\"https:\/\/expressionspromoproducts.com\/fr\/produit\/forme-pratique\/#primaryimage\"},\"thumbnailUrl\":\"https:\/\/expressionspromoproducts.com\/wp-content\/uploads\/2023\/11\/ExpressionsSCCoinConvenient.jpg\",\"datePublished\":\"2020-11-17T19:38:09+00:00\",\"dateModified\":\"2024-05-06T03:06:39+00:00\",\"breadcrumb\":{\"@id\":\"https:\/\/expressionspromoproducts.com\/fr\/produit\/forme-pratique\/#breadcrumb\"},\"inLanguage\":\"fr-FR\",\"potentialAction\":[{\"@type\":\"ReadAction\",\"target\":[\"https:\/\/expressionspromoproducts.com\/fr\/produit\/forme-pratique\/\"]}]},{\"@type\":\"ImageObject\",\"inLanguage\":\"fr-FR\",\"@id\":\"https:\/\/expressionspromoproducts.com\/fr\/produit\/forme-pratique\/#primaryimage\",\"url\":\"https:\/\/expressionspromoproducts.com\/wp-content\/uploads\/2023\/11\/ExpressionsSCCoinConvenient.jpg\",\"contentUrl\":\"https:\/\/expressionspromoproducts.com\/wp-content\/uploads\/2023\/11\/ExpressionsSCCoinConvenient.jpg\",\"width\":1000,\"height\":1000,\"caption\":\"ExpressionsSCCoinConvenient\"},{\"@type\":\"BreadcrumbList\",\"@id\":\"https:\/\/expressionspromoproducts.com\/fr\/produit\/forme-pratique\/#breadcrumb\",\"itemListElement\":[{\"@type\":\"ListItem\",\"position\":1,\"name\":\"Home\",\"item\":\"https:\/\/expressionspromoproducts.com\/fr\/\"},{\"@type\":\"ListItem\",\"position\":2,\"name\":\"Boutique\",\"item\":\"http:\/\/expressionspromoproducts.com\/fr\/boutique\/\"},{\"@type\":\"ListItem\",\"position\":3,\"name\":\"Forme pratique\"}]},{\"@type\":\"WebSite\",\"@id\":\"http:\/\/expressionspromoproducts.com\/fr\/#website\",\"url\":\"http:\/\/expressionspromoproducts.com\/fr\/\",\"name\":\"Expressions Products Inc\",\"description\":\"\",\"publisher\":{\"@id\":\"http:\/\/expressionspromoproducts.com\/fr\/#organization\"},\"potentialAction\":[{\"@type\":\"SearchAction\",\"target\":{\"@type\":\"EntryPoint\",\"urlTemplate\":\"http:\/\/expressionspromoproducts.com\/fr\/?s={search_term_string}\"},\"query-input\":{\"@type\":\"PropertyValueSpecification\",\"valueRequired\":true,\"valueName\":\"search_term_string\"}}],\"inLanguage\":\"fr-FR\"},{\"@type\":\"Organization\",\"@id\":\"http:\/\/expressionspromoproducts.com\/fr\/#organization\",\"name\":\"Expressions Products\",\"url\":\"http:\/\/expressionspromoproducts.com\/fr\/\",\"logo\":{\"@type\":\"ImageObject\",\"inLanguage\":\"fr-FR\",\"@id\":\"http:\/\/expressionspromoproducts.com\/fr\/#\/schema\/logo\/image\/\",\"url\":\"https:\/\/expressionspromoproducts.com\/wp-content\/uploads\/2023\/11\/expressions-logo.png\",\"contentUrl\":\"https:\/\/expressionspromoproducts.com\/wp-content\/uploads\/2023\/11\/expressions-logo.png\",\"width\":322,\"height\":43,\"caption\":\"Expressions Products\"},\"image\":{\"@id\":\"http:\/\/expressionspromoproducts.com\/fr\/#\/schema\/logo\/image\/\"}}]}<\/script>\n<!-- \/ Yoast SEO plugin. -->","yoast_head_json":{"title":"Forme pratique | Expressions Products","robots":{"index":"index","follow":"follow","max-snippet":"max-snippet:-1","max-image-preview":"max-image-preview:large","max-video-preview":"max-video-preview:-1"},"canonical":"https:\/\/expressionspromoproducts.com\/fr\/produit\/forme-pratique\/","og_locale":"fr_FR","og_type":"article","og_title":"Forme pratique | Expressions Products","og_description":"Faites la promotion de votre entreprise sur les pi\u00e8ces du panier d'achat. Un cadeau que nous pouvons tous utiliser!   Pas de frais: pas de frais d'installation et d\u2019estampage  \u0152uvre d'art: pr\u00e9paration et cr\u00e9ation artistique incluses  Fabriqu\u00e9 en: Chine  Finition: Argent  Taille: 2 po  Couleurs: jusqu'\u00e0 4 couleurs \u201cPantone\u201d  Personnalisation: Jusqu'\u00e0 2 po sur 1 c\u00f4t\u00e9  Accessoire: Anneau de cl\u00e9 style homard  D\u00e9tails d'emballage: Sac en poly\u00e9thyl\u00e8ne  Contactez le service client\u00e8le pour conna\u00eetre les prix actuels","og_url":"https:\/\/expressionspromoproducts.com\/fr\/produit\/forme-pratique\/","og_site_name":"Expressions Products","article_modified_time":"2024-05-06T03:06:39+00:00","og_image":[{"width":1000,"height":1000,"url":"http:\/\/expressionspromoproducts.com\/wp-content\/uploads\/2023\/11\/ExpressionsSCCoinConvenient.jpg","type":"image\/jpeg"}],"twitter_card":"summary_large_image","schema":{"@context":"https:\/\/schema.org","@graph":[{"@type":"WebPage","@id":"https:\/\/expressionspromoproducts.com\/fr\/produit\/forme-pratique\/","url":"https:\/\/expressionspromoproducts.com\/fr\/produit\/forme-pratique\/","name":"Forme pratique | Expressions Products","isPartOf":{"@id":"http:\/\/expressionspromoproducts.com\/fr\/#website"},"primaryImageOfPage":{"@id":"https:\/\/expressionspromoproducts.com\/fr\/produit\/forme-pratique\/#primaryimage"},"image":{"@id":"https:\/\/expressionspromoproducts.com\/fr\/produit\/forme-pratique\/#primaryimage"},"thumbnailUrl":"https:\/\/expressionspromoproducts.com\/wp-content\/uploads\/2023\/11\/ExpressionsSCCoinConvenient.jpg","datePublished":"2020-11-17T19:38:09+00:00","dateModified":"2024-05-06T03:06:39+00:00","breadcrumb":{"@id":"https:\/\/expressionspromoproducts.com\/fr\/produit\/forme-pratique\/#breadcrumb"},"inLanguage":"fr-FR","potentialAction":[{"@type":"ReadAction","target":["https:\/\/expressionspromoproducts.com\/fr\/produit\/forme-pratique\/"]}]},{"@type":"ImageObject","inLanguage":"fr-FR","@id":"https:\/\/expressionspromoproducts.com\/fr\/produit\/forme-pratique\/#primaryimage","url":"https:\/\/expressionspromoproducts.com\/wp-content\/uploads\/2023\/11\/ExpressionsSCCoinConvenient.jpg","contentUrl":"https:\/\/expressionspromoproducts.com\/wp-content\/uploads\/2023\/11\/ExpressionsSCCoinConvenient.jpg","width":1000,"height":1000,"caption":"ExpressionsSCCoinConvenient"},{"@type":"BreadcrumbList","@id":"https:\/\/expressionspromoproducts.com\/fr\/produit\/forme-pratique\/#breadcrumb","itemListElement":[{"@type":"ListItem","position":1,"name":"Home","item":"https:\/\/expressionspromoproducts.com\/fr\/"},{"@type":"ListItem","position":2,"name":"Boutique","item":"http:\/\/expressionspromoproducts.com\/fr\/boutique\/"},{"@type":"ListItem","position":3,"name":"Forme pratique"}]},{"@type":"WebSite","@id":"http:\/\/expressionspromoproducts.com\/fr\/#website","url":"http:\/\/expressionspromoproducts.com\/fr\/","name":"Expressions Products Inc","description":"","publisher":{"@id":"http:\/\/expressionspromoproducts.com\/fr\/#organization"},"potentialAction":[{"@type":"SearchAction","target":{"@type":"EntryPoint","urlTemplate":"http:\/\/expressionspromoproducts.com\/fr\/?s={search_term_string}"},"query-input":{"@type":"PropertyValueSpecification","valueRequired":true,"valueName":"search_term_string"}}],"inLanguage":"fr-FR"},{"@type":"Organization","@id":"http:\/\/expressionspromoproducts.com\/fr\/#organization","name":"Expressions Products","url":"http:\/\/expressionspromoproducts.com\/fr\/","logo":{"@type":"ImageObject","inLanguage":"fr-FR","@id":"http:\/\/expressionspromoproducts.com\/fr\/#\/schema\/logo\/image\/","url":"https:\/\/expressionspromoproducts.com\/wp-content\/uploads\/2023\/11\/expressions-logo.png","contentUrl":"https:\/\/expressionspromoproducts.com\/wp-content\/uploads\/2023\/11\/expressions-logo.png","width":322,"height":43,"caption":"Expressions Products"},"image":{"@id":"http:\/\/expressionspromoproducts.com\/fr\/#\/schema\/logo\/image\/"}}]}},"_links":{"self":[{"href":"https:\/\/expressionspromoproducts.com\/fr\/wp-json\/wp\/v2\/product\/7734","targetHints":{"allow":["GET"]}}],"collection":[{"href":"https:\/\/expressionspromoproducts.com\/fr\/wp-json\/wp\/v2\/product"}],"about":[{"href":"https:\/\/expressionspromoproducts.com\/fr\/wp-json\/wp\/v2\/types\/product"}],"version-history":[{"count":2,"href":"https:\/\/expressionspromoproducts.com\/fr\/wp-json\/wp\/v2\/product\/7734\/revisions"}],"predecessor-version":[{"id":7736,"href":"https:\/\/expressionspromoproducts.com\/fr\/wp-json\/wp\/v2\/product\/7734\/revisions\/7736"}],"wp:featuredmedia":[{"embeddable":true,"href":"https:\/\/expressionspromoproducts.com\/fr\/wp-json\/wp\/v2\/media\/6578"}],"wp:attachment":[{"href":"https:\/\/expressionspromoproducts.com\/fr\/wp-json\/wp\/v2\/media?parent=7734"}],"wp:term":[{"taxonomy":"product_cat","embeddable":true,"href":"https:\/\/expressionspromoproducts.com\/fr\/wp-json\/wp\/v2\/product_cat?post=7734"},{"taxonomy":"product_tag","embeddable":true,"href":"https:\/\/expressionspromoproducts.com\/fr\/wp-json\/wp\/v2\/product_tag?post=7734"}],"curies":[{"name":"wp","href":"https:\/\/api.w.org\/{rel}","templated":true}]}}