{"id":8685,"date":"2025-11-04T22:44:23","date_gmt":"2025-11-05T03:44:23","guid":{"rendered":"https:\/\/expressionspromoproducts.com\/?post_type=product&#038;p=8685"},"modified":"2025-11-09T21:51:50","modified_gmt":"2025-11-10T02:51:50","slug":"pere-noel-decorations-de-noel-en-plastique-leger","status":"publish","type":"product","link":"https:\/\/expressionspromoproducts.com\/fr\/produit\/pere-noel-decorations-de-noel-en-plastique-leger\/","title":{"rendered":"P\u00e8re No\u00ebl (D\u00e9corations de No\u00ebl en plastique l\u00e9ger)"},"content":{"rendered":"<div style=\"margin: 20px 0;\"><div class=\"qrcswholewtapper\" style=\"text-align:left;\"><div class=\"qrcprowrapper\"  id=\"qrcwraa2leds\"><div class=\"qrc_canvass\" id=\"qrc_cuttenpages_2\" style=\"display:inline-block\" data-text=\"https:\/\/expressionspromoproducts.com\/fr\/produit\/pere-noel-decorations-de-noel-en-plastique-leger\/\"><\/div><div><a download=\"P\u00e8re No\u00ebl (D\u00e9corations de No\u00ebl en plastique l\u00e9ger).png\" class=\"qrcdownloads\" id=\"worign\">\r\n           <button type=\"button\" style=\"min-width:600px;background:#44d813;color:#000;font-weight: 600;border: 1px solid #44d813;border-radius:20px;font-size:12px;padding: 6px 0;\" class=\"uqr_code_btn\">Download QR \ud83e\udc0b<\/button>\r\n           <\/a><\/div><\/div><\/div><\/div>","protected":false},"excerpt":{"rendered":"<p><em>Impression identique sur une et deux faces<\/em><br \/>\n<strong>Dimensions<\/strong>\u00a0: 3,8 cm x 5,7 cm<\/p>\n<table style=\"width:100%; text-align:center; border-collapse:collapse; margin-top:20px;\">\n<tbody>\n<tr>\n<th>C\u00d4T\u00c9S<\/th>\n<th>QTE 25<\/th>\n<th>QTE 50<\/th>\n<th>QTE 100<\/th>\n<\/tr>\n<tr>\n<td><strong>1 C\u00f4t\u00e9<\/strong><\/td>\n<td>7,00 $ (D)<\/td>\n<td>6,77 $ (D)<\/td>\n<td>6,62 $ (D)<\/td>\n<\/tr>\n<tr>\n<td><strong>2 C\u00f4t\u00e9s<\/strong><\/td>\n<td>10,15 $ (D)<\/td>\n<td>9,92 $ (D)<\/td>\n<td>9,77 $ (D)<\/td>\n<\/tr>\n<\/tbody>\n<\/table>\n<table style=\"width:100%; text-align:center; border-collapse:collapse; margin-top:20px;\">\n<caption style=\"text-align:left; font-weight:bold;\">ORNEMENTS PERSONNALIS\u00c9S AVEC CODE QR<\/caption>\n<tbody>\n<tr>\n<th>STYLE<\/th>\n<th>PRIX<\/th>\n<\/tr>\n<tr>\n<td>CODE QR<\/td>\n<td>75 $ (H)<\/td>\n<\/tr>\n<\/tbody>\n<\/table>\n<ul>\n<li><strong>Sans frais\u00a0:<\/strong> Aucun frais de mise en place ni de d\u00e9coupe<\/li>\n<li><strong>Cr\u00e9ation graphique\u00a0:<\/strong>Pr\u00e9paration et cr\u00e9ation graphique incluses<\/li>\n<li><strong>Fabriqu\u00e9 en\u00a0:<\/strong><span data-olk-copy-source=\"MessageBody\">Orient<\/span><\/li>\n<li><strong>Finition\u00a0:<\/strong> Coupe contour avec trou<\/li>\n<li><strong>Couleurs\u00a0:<\/strong> Impression CMJN<\/li>\n<li><strong>Accessoire\u00a0:<\/strong> Cordon rouge de 7,6\u00a0cm<\/li>\n<li><strong>Emballage\u00a0:<\/strong> Sachet de plastique<\/li>\n<\/ul>\n<p><a class=\"pdp-btn\" href=\"https:\/\/expressionspromoproducts.com\/fr\/contactez-nous\/\" target=\"_blank\" rel=\"noopener noreferrer\">Contactez le service client\u00e8le pour conna\u00eetre les prix actuels<\/a><\/p>\n","protected":false},"featured_media":8832,"template":"","meta":[],"product_cat":[108,144],"product_tag":[],"class_list":["post-8685","product","type-product","status-publish","has-post-thumbnail","hentry","product_cat-fabrique-au-canada","product_cat-ornements-de-noel"],"yoast_head":"<!-- This site is optimized with the Yoast SEO plugin v24.3 - https:\/\/yoast.com\/wordpress\/plugins\/seo\/ -->\n<title>P\u00e8re No\u00ebl (D\u00e9corations de No\u00ebl en plastique l\u00e9ger) | Expressions Products<\/title>\n<meta name=\"robots\" content=\"index, follow, max-snippet:-1, max-image-preview:large, max-video-preview:-1\" \/>\n<link rel=\"canonical\" href=\"https:\/\/expressionspromoproducts.com\/fr\/produit\/pere-noel-decorations-de-noel-en-plastique-leger\/\" \/>\n<meta property=\"og:locale\" content=\"fr_FR\" \/>\n<meta property=\"og:type\" content=\"article\" \/>\n<meta property=\"og:title\" content=\"P\u00e8re No\u00ebl (D\u00e9corations de No\u00ebl en plastique l\u00e9ger) | Expressions Products\" \/>\n<meta property=\"og:description\" content=\"Impression identique sur une et deux faces Dimensions\u00a0: 3,8 cm x 5,7 cm          C\u00d4T\u00c9S    QTE 25    QTE 50    QTE 100          1 C\u00f4t\u00e9    7,00 $ (D)    6,77 $ (D)    6,62 $ (D)          2 C\u00f4t\u00e9s    10,15 $ (D)    9,92 $ (D)    9,77 $ (D)          ORNEMENTS PERSONNALIS\u00c9S AVEC CODE QR         STYLE    PRIX          CODE QR    75 $ (H)          Sans frais\u00a0: Aucun frais de mise en place ni de d\u00e9coupe  Cr\u00e9ation graphique\u00a0:Pr\u00e9paration et cr\u00e9ation graphique incluses  Fabriqu\u00e9 en\u00a0:Orient  Finition\u00a0: Coupe contour avec trou  Couleurs\u00a0: Impression CMJN  Accessoire\u00a0: Cordon rouge de 7,6\u00a0cm  Emballage\u00a0: Sachet de plastique  Contactez le service client\u00e8le pour conna\u00eetre les prix actuels\" \/>\n<meta property=\"og:url\" content=\"https:\/\/expressionspromoproducts.com\/fr\/produit\/pere-noel-decorations-de-noel-en-plastique-leger\/\" \/>\n<meta property=\"og:site_name\" content=\"Expressions Products\" \/>\n<meta property=\"article:modified_time\" content=\"2025-11-10T02:51:50+00:00\" \/>\n<meta property=\"og:image\" content=\"https:\/\/expressionspromoproducts.com\/wp-content\/uploads\/2025\/11\/5P_600x600px.webp\" \/>\n\t<meta property=\"og:image:width\" content=\"600\" \/>\n\t<meta property=\"og:image:height\" content=\"600\" \/>\n\t<meta property=\"og:image:type\" content=\"image\/webp\" \/>\n<meta name=\"twitter:card\" content=\"summary_large_image\" \/>\n<meta name=\"twitter:label1\" content=\"Est. reading time\" \/>\n\t<meta name=\"twitter:data1\" content=\"1 minute\" \/>\n<script type=\"application\/ld+json\" class=\"yoast-schema-graph\">{\"@context\":\"https:\/\/schema.org\",\"@graph\":[{\"@type\":\"WebPage\",\"@id\":\"https:\/\/expressionspromoproducts.com\/fr\/produit\/pere-noel-decorations-de-noel-en-plastique-leger\/\",\"url\":\"https:\/\/expressionspromoproducts.com\/fr\/produit\/pere-noel-decorations-de-noel-en-plastique-leger\/\",\"name\":\"P\u00e8re No\u00ebl (D\u00e9corations de No\u00ebl en plastique l\u00e9ger) | Expressions Products\",\"isPartOf\":{\"@id\":\"http:\/\/expressionspromoproducts.com\/fr\/#website\"},\"primaryImageOfPage\":{\"@id\":\"https:\/\/expressionspromoproducts.com\/fr\/produit\/pere-noel-decorations-de-noel-en-plastique-leger\/#primaryimage\"},\"image\":{\"@id\":\"https:\/\/expressionspromoproducts.com\/fr\/produit\/pere-noel-decorations-de-noel-en-plastique-leger\/#primaryimage\"},\"thumbnailUrl\":\"https:\/\/expressionspromoproducts.com\/wp-content\/uploads\/2025\/11\/5P_600x600px.webp\",\"datePublished\":\"2025-11-05T03:44:23+00:00\",\"dateModified\":\"2025-11-10T02:51:50+00:00\",\"breadcrumb\":{\"@id\":\"https:\/\/expressionspromoproducts.com\/fr\/produit\/pere-noel-decorations-de-noel-en-plastique-leger\/#breadcrumb\"},\"inLanguage\":\"fr-FR\",\"potentialAction\":[{\"@type\":\"ReadAction\",\"target\":[\"https:\/\/expressionspromoproducts.com\/fr\/produit\/pere-noel-decorations-de-noel-en-plastique-leger\/\"]}]},{\"@type\":\"ImageObject\",\"inLanguage\":\"fr-FR\",\"@id\":\"https:\/\/expressionspromoproducts.com\/fr\/produit\/pere-noel-decorations-de-noel-en-plastique-leger\/#primaryimage\",\"url\":\"https:\/\/expressionspromoproducts.com\/wp-content\/uploads\/2025\/11\/5P_600x600px.webp\",\"contentUrl\":\"https:\/\/expressionspromoproducts.com\/wp-content\/uploads\/2025\/11\/5P_600x600px.webp\",\"width\":600,\"height\":600,\"caption\":\"Santa\"},{\"@type\":\"BreadcrumbList\",\"@id\":\"https:\/\/expressionspromoproducts.com\/fr\/produit\/pere-noel-decorations-de-noel-en-plastique-leger\/#breadcrumb\",\"itemListElement\":[{\"@type\":\"ListItem\",\"position\":1,\"name\":\"Home\",\"item\":\"https:\/\/expressionspromoproducts.com\/fr\/\"},{\"@type\":\"ListItem\",\"position\":2,\"name\":\"Boutique\",\"item\":\"http:\/\/expressionspromoproducts.com\/fr\/boutique\/\"},{\"@type\":\"ListItem\",\"position\":3,\"name\":\"P\u00e8re No\u00ebl (D\u00e9corations de No\u00ebl en plastique l\u00e9ger)\"}]},{\"@type\":\"WebSite\",\"@id\":\"http:\/\/expressionspromoproducts.com\/fr\/#website\",\"url\":\"http:\/\/expressionspromoproducts.com\/fr\/\",\"name\":\"Expressions Products Inc\",\"description\":\"\",\"publisher\":{\"@id\":\"http:\/\/expressionspromoproducts.com\/fr\/#organization\"},\"potentialAction\":[{\"@type\":\"SearchAction\",\"target\":{\"@type\":\"EntryPoint\",\"urlTemplate\":\"http:\/\/expressionspromoproducts.com\/fr\/?s={search_term_string}\"},\"query-input\":{\"@type\":\"PropertyValueSpecification\",\"valueRequired\":true,\"valueName\":\"search_term_string\"}}],\"inLanguage\":\"fr-FR\"},{\"@type\":\"Organization\",\"@id\":\"http:\/\/expressionspromoproducts.com\/fr\/#organization\",\"name\":\"Expressions Products\",\"url\":\"http:\/\/expressionspromoproducts.com\/fr\/\",\"logo\":{\"@type\":\"ImageObject\",\"inLanguage\":\"fr-FR\",\"@id\":\"http:\/\/expressionspromoproducts.com\/fr\/#\/schema\/logo\/image\/\",\"url\":\"https:\/\/expressionspromoproducts.com\/wp-content\/uploads\/2023\/11\/expressions-logo.png\",\"contentUrl\":\"https:\/\/expressionspromoproducts.com\/wp-content\/uploads\/2023\/11\/expressions-logo.png\",\"width\":322,\"height\":43,\"caption\":\"Expressions Products\"},\"image\":{\"@id\":\"http:\/\/expressionspromoproducts.com\/fr\/#\/schema\/logo\/image\/\"}}]}<\/script>\n<!-- \/ Yoast SEO plugin. -->","yoast_head_json":{"title":"P\u00e8re No\u00ebl (D\u00e9corations de No\u00ebl en plastique l\u00e9ger) | Expressions Products","robots":{"index":"index","follow":"follow","max-snippet":"max-snippet:-1","max-image-preview":"max-image-preview:large","max-video-preview":"max-video-preview:-1"},"canonical":"https:\/\/expressionspromoproducts.com\/fr\/produit\/pere-noel-decorations-de-noel-en-plastique-leger\/","og_locale":"fr_FR","og_type":"article","og_title":"P\u00e8re No\u00ebl (D\u00e9corations de No\u00ebl en plastique l\u00e9ger) | Expressions Products","og_description":"Impression identique sur une et deux faces Dimensions\u00a0: 3,8 cm x 5,7 cm          C\u00d4T\u00c9S    QTE 25    QTE 50    QTE 100          1 C\u00f4t\u00e9    7,00 $ (D)    6,77 $ (D)    6,62 $ (D)          2 C\u00f4t\u00e9s    10,15 $ (D)    9,92 $ (D)    9,77 $ (D)          ORNEMENTS PERSONNALIS\u00c9S AVEC CODE QR         STYLE    PRIX          CODE QR    75 $ (H)          Sans frais\u00a0: Aucun frais de mise en place ni de d\u00e9coupe  Cr\u00e9ation graphique\u00a0:Pr\u00e9paration et cr\u00e9ation graphique incluses  Fabriqu\u00e9 en\u00a0:Orient  Finition\u00a0: Coupe contour avec trou  Couleurs\u00a0: Impression CMJN  Accessoire\u00a0: Cordon rouge de 7,6\u00a0cm  Emballage\u00a0: Sachet de plastique  Contactez le service client\u00e8le pour conna\u00eetre les prix actuels","og_url":"https:\/\/expressionspromoproducts.com\/fr\/produit\/pere-noel-decorations-de-noel-en-plastique-leger\/","og_site_name":"Expressions Products","article_modified_time":"2025-11-10T02:51:50+00:00","og_image":[{"width":600,"height":600,"url":"https:\/\/expressionspromoproducts.com\/wp-content\/uploads\/2025\/11\/5P_600x600px.webp","type":"image\/webp"}],"twitter_card":"summary_large_image","twitter_misc":{"Est. reading time":"1 minute"},"schema":{"@context":"https:\/\/schema.org","@graph":[{"@type":"WebPage","@id":"https:\/\/expressionspromoproducts.com\/fr\/produit\/pere-noel-decorations-de-noel-en-plastique-leger\/","url":"https:\/\/expressionspromoproducts.com\/fr\/produit\/pere-noel-decorations-de-noel-en-plastique-leger\/","name":"P\u00e8re No\u00ebl (D\u00e9corations de No\u00ebl en plastique l\u00e9ger) | Expressions Products","isPartOf":{"@id":"http:\/\/expressionspromoproducts.com\/fr\/#website"},"primaryImageOfPage":{"@id":"https:\/\/expressionspromoproducts.com\/fr\/produit\/pere-noel-decorations-de-noel-en-plastique-leger\/#primaryimage"},"image":{"@id":"https:\/\/expressionspromoproducts.com\/fr\/produit\/pere-noel-decorations-de-noel-en-plastique-leger\/#primaryimage"},"thumbnailUrl":"https:\/\/expressionspromoproducts.com\/wp-content\/uploads\/2025\/11\/5P_600x600px.webp","datePublished":"2025-11-05T03:44:23+00:00","dateModified":"2025-11-10T02:51:50+00:00","breadcrumb":{"@id":"https:\/\/expressionspromoproducts.com\/fr\/produit\/pere-noel-decorations-de-noel-en-plastique-leger\/#breadcrumb"},"inLanguage":"fr-FR","potentialAction":[{"@type":"ReadAction","target":["https:\/\/expressionspromoproducts.com\/fr\/produit\/pere-noel-decorations-de-noel-en-plastique-leger\/"]}]},{"@type":"ImageObject","inLanguage":"fr-FR","@id":"https:\/\/expressionspromoproducts.com\/fr\/produit\/pere-noel-decorations-de-noel-en-plastique-leger\/#primaryimage","url":"https:\/\/expressionspromoproducts.com\/wp-content\/uploads\/2025\/11\/5P_600x600px.webp","contentUrl":"https:\/\/expressionspromoproducts.com\/wp-content\/uploads\/2025\/11\/5P_600x600px.webp","width":600,"height":600,"caption":"Santa"},{"@type":"BreadcrumbList","@id":"https:\/\/expressionspromoproducts.com\/fr\/produit\/pere-noel-decorations-de-noel-en-plastique-leger\/#breadcrumb","itemListElement":[{"@type":"ListItem","position":1,"name":"Home","item":"https:\/\/expressionspromoproducts.com\/fr\/"},{"@type":"ListItem","position":2,"name":"Boutique","item":"http:\/\/expressionspromoproducts.com\/fr\/boutique\/"},{"@type":"ListItem","position":3,"name":"P\u00e8re No\u00ebl (D\u00e9corations de No\u00ebl en plastique l\u00e9ger)"}]},{"@type":"WebSite","@id":"http:\/\/expressionspromoproducts.com\/fr\/#website","url":"http:\/\/expressionspromoproducts.com\/fr\/","name":"Expressions Products Inc","description":"","publisher":{"@id":"http:\/\/expressionspromoproducts.com\/fr\/#organization"},"potentialAction":[{"@type":"SearchAction","target":{"@type":"EntryPoint","urlTemplate":"http:\/\/expressionspromoproducts.com\/fr\/?s={search_term_string}"},"query-input":{"@type":"PropertyValueSpecification","valueRequired":true,"valueName":"search_term_string"}}],"inLanguage":"fr-FR"},{"@type":"Organization","@id":"http:\/\/expressionspromoproducts.com\/fr\/#organization","name":"Expressions Products","url":"http:\/\/expressionspromoproducts.com\/fr\/","logo":{"@type":"ImageObject","inLanguage":"fr-FR","@id":"http:\/\/expressionspromoproducts.com\/fr\/#\/schema\/logo\/image\/","url":"https:\/\/expressionspromoproducts.com\/wp-content\/uploads\/2023\/11\/expressions-logo.png","contentUrl":"https:\/\/expressionspromoproducts.com\/wp-content\/uploads\/2023\/11\/expressions-logo.png","width":322,"height":43,"caption":"Expressions Products"},"image":{"@id":"http:\/\/expressionspromoproducts.com\/fr\/#\/schema\/logo\/image\/"}}]}},"_links":{"self":[{"href":"https:\/\/expressionspromoproducts.com\/fr\/wp-json\/wp\/v2\/product\/8685","targetHints":{"allow":["GET"]}}],"collection":[{"href":"https:\/\/expressionspromoproducts.com\/fr\/wp-json\/wp\/v2\/product"}],"about":[{"href":"https:\/\/expressionspromoproducts.com\/fr\/wp-json\/wp\/v2\/types\/product"}],"version-history":[{"count":5,"href":"https:\/\/expressionspromoproducts.com\/fr\/wp-json\/wp\/v2\/product\/8685\/revisions"}],"predecessor-version":[{"id":8921,"href":"https:\/\/expressionspromoproducts.com\/fr\/wp-json\/wp\/v2\/product\/8685\/revisions\/8921"}],"wp:featuredmedia":[{"embeddable":true,"href":"https:\/\/expressionspromoproducts.com\/fr\/wp-json\/wp\/v2\/media\/8832"}],"wp:attachment":[{"href":"https:\/\/expressionspromoproducts.com\/fr\/wp-json\/wp\/v2\/media?parent=8685"}],"wp:term":[{"taxonomy":"product_cat","embeddable":true,"href":"https:\/\/expressionspromoproducts.com\/fr\/wp-json\/wp\/v2\/product_cat?post=8685"},{"taxonomy":"product_tag","embeddable":true,"href":"https:\/\/expressionspromoproducts.com\/fr\/wp-json\/wp\/v2\/product_tag?post=8685"}],"curies":[{"name":"wp","href":"https:\/\/api.w.org\/{rel}","templated":true}]}}