{"id":9287,"date":"2026-01-26T04:51:17","date_gmt":"2026-01-26T09:51:17","guid":{"rendered":"https:\/\/expressionspromoproducts.com\/?post_type=product&#038;p=9287"},"modified":"2026-01-26T04:59:24","modified_gmt":"2026-01-26T09:59:24","slug":"rosette-personnalisee-pr-38","status":"publish","type":"product","link":"https:\/\/expressionspromoproducts.com\/fr\/produit\/rosette-personnalisee-pr-38\/","title":{"rendered":"Rosette personnalis\u00e9e : PR-38"},"content":{"rendered":"<div style=\"margin: 20px 0;\"><div class=\"qrcswholewtapper\" style=\"text-align:left;\"><div class=\"qrcprowrapper\"  id=\"qrcwraa2leds\"><div class=\"qrc_canvass\" id=\"qrc_cuttenpages_2\" style=\"display:inline-block\" data-text=\"https:\/\/expressionspromoproducts.com\/fr\/produit\/rosette-personnalisee-pr-38\/\"><\/div><div><a download=\"Rosette personnalis\u00e9e : PR-38.png\" class=\"qrcdownloads\" id=\"worign\">\r\n           <button type=\"button\" style=\"min-width:600px;background:#44d813;color:#000;font-weight: 600;border: 1px solid #44d813;border-radius:20px;font-size:12px;padding: 6px 0;\" class=\"uqr_code_btn\">Download QR \ud83e\udc0b<\/button>\r\n           <\/a><\/div><\/div><\/div><\/div>","protected":false},"excerpt":{"rendered":"<p>STYLE\u00a0: PR-38<br \/>\nRosette personnalis\u00e9e<br \/>\nRosette pliss\u00e9e de 9,5 cm avec trois rubans de 20 cm de long.<br \/>\nBouton imprim\u00e9 de 5,7 cm<br \/>\nLogo imprim\u00e9 sur le ruban central (en option) \u2013 suppl\u00e9ment<\/p>\n<p><a class=\"pdp-btn\" href=\"https:\/\/expressionspromoproducts.com\/fr\/contactez-nous\/\" target=\"_blank\" rel=\"noopener noreferrer\">Contactez le service client\u00e8le pour conna\u00eetre les prix actuels<\/a><\/p>\n","protected":false},"featured_media":9289,"template":"","meta":[],"product_cat":[167],"product_tag":[],"class_list":["post-9287","product","type-product","status-publish","has-post-thumbnail","hentry","product_cat-produit-vedette-de-2026"],"yoast_head":"<!-- This site is optimized with the Yoast SEO plugin v24.3 - https:\/\/yoast.com\/wordpress\/plugins\/seo\/ -->\n<title>Rosette personnalis\u00e9e : PR-38 | Expressions Products<\/title>\n<meta name=\"robots\" content=\"index, follow, max-snippet:-1, max-image-preview:large, max-video-preview:-1\" \/>\n<link rel=\"canonical\" href=\"https:\/\/expressionspromoproducts.com\/fr\/produit\/rosette-personnalisee-pr-38\/\" \/>\n<meta property=\"og:locale\" content=\"fr_FR\" \/>\n<meta property=\"og:type\" content=\"article\" \/>\n<meta property=\"og:title\" content=\"Rosette personnalis\u00e9e : PR-38 | Expressions Products\" \/>\n<meta property=\"og:description\" content=\"STYLE\u00a0: PR-38 Rosette personnalis\u00e9e Rosette pliss\u00e9e de 9,5 cm avec trois rubans de 20 cm de long. Bouton imprim\u00e9 de 5,7 cm Logo imprim\u00e9 sur le ruban central (en option) \u2013 suppl\u00e9ment  Contactez le service client\u00e8le pour conna\u00eetre les prix actuels\" \/>\n<meta property=\"og:url\" content=\"https:\/\/expressionspromoproducts.com\/fr\/produit\/rosette-personnalisee-pr-38\/\" \/>\n<meta property=\"og:site_name\" content=\"Expressions Products\" \/>\n<meta property=\"article:modified_time\" content=\"2026-01-26T09:59:24+00:00\" \/>\n<meta property=\"og:image\" content=\"https:\/\/expressionspromoproducts.com\/wp-content\/uploads\/2026\/01\/Rosettes1-600x600-1.jpg\" \/>\n\t<meta property=\"og:image:width\" content=\"600\" \/>\n\t<meta property=\"og:image:height\" content=\"600\" \/>\n\t<meta property=\"og:image:type\" content=\"image\/jpeg\" \/>\n<meta name=\"twitter:card\" content=\"summary_large_image\" \/>\n<meta name=\"twitter:label1\" content=\"Est. reading time\" \/>\n\t<meta name=\"twitter:data1\" content=\"1 minute\" \/>\n<script type=\"application\/ld+json\" class=\"yoast-schema-graph\">{\"@context\":\"https:\/\/schema.org\",\"@graph\":[{\"@type\":\"WebPage\",\"@id\":\"https:\/\/expressionspromoproducts.com\/fr\/produit\/rosette-personnalisee-pr-38\/\",\"url\":\"https:\/\/expressionspromoproducts.com\/fr\/produit\/rosette-personnalisee-pr-38\/\",\"name\":\"Rosette personnalis\u00e9e : PR-38 | Expressions Products\",\"isPartOf\":{\"@id\":\"http:\/\/expressionspromoproducts.com\/fr\/#website\"},\"primaryImageOfPage\":{\"@id\":\"https:\/\/expressionspromoproducts.com\/fr\/produit\/rosette-personnalisee-pr-38\/#primaryimage\"},\"image\":{\"@id\":\"https:\/\/expressionspromoproducts.com\/fr\/produit\/rosette-personnalisee-pr-38\/#primaryimage\"},\"thumbnailUrl\":\"https:\/\/expressionspromoproducts.com\/wp-content\/uploads\/2026\/01\/Rosettes1-600x600-1.jpg\",\"datePublished\":\"2026-01-26T09:51:17+00:00\",\"dateModified\":\"2026-01-26T09:59:24+00:00\",\"breadcrumb\":{\"@id\":\"https:\/\/expressionspromoproducts.com\/fr\/produit\/rosette-personnalisee-pr-38\/#breadcrumb\"},\"inLanguage\":\"fr-FR\",\"potentialAction\":[{\"@type\":\"ReadAction\",\"target\":[\"https:\/\/expressionspromoproducts.com\/fr\/produit\/rosette-personnalisee-pr-38\/\"]}]},{\"@type\":\"ImageObject\",\"inLanguage\":\"fr-FR\",\"@id\":\"https:\/\/expressionspromoproducts.com\/fr\/produit\/rosette-personnalisee-pr-38\/#primaryimage\",\"url\":\"https:\/\/expressionspromoproducts.com\/wp-content\/uploads\/2026\/01\/Rosettes1-600x600-1.jpg\",\"contentUrl\":\"https:\/\/expressionspromoproducts.com\/wp-content\/uploads\/2026\/01\/Rosettes1-600x600-1.jpg\",\"width\":600,\"height\":600},{\"@type\":\"BreadcrumbList\",\"@id\":\"https:\/\/expressionspromoproducts.com\/fr\/produit\/rosette-personnalisee-pr-38\/#breadcrumb\",\"itemListElement\":[{\"@type\":\"ListItem\",\"position\":1,\"name\":\"Home\",\"item\":\"https:\/\/expressionspromoproducts.com\/fr\/\"},{\"@type\":\"ListItem\",\"position\":2,\"name\":\"Boutique\",\"item\":\"http:\/\/expressionspromoproducts.com\/fr\/boutique\/\"},{\"@type\":\"ListItem\",\"position\":3,\"name\":\"Rosette personnalis\u00e9e : PR-38\"}]},{\"@type\":\"WebSite\",\"@id\":\"http:\/\/expressionspromoproducts.com\/fr\/#website\",\"url\":\"http:\/\/expressionspromoproducts.com\/fr\/\",\"name\":\"Expressions Products Inc\",\"description\":\"\",\"publisher\":{\"@id\":\"http:\/\/expressionspromoproducts.com\/fr\/#organization\"},\"potentialAction\":[{\"@type\":\"SearchAction\",\"target\":{\"@type\":\"EntryPoint\",\"urlTemplate\":\"http:\/\/expressionspromoproducts.com\/fr\/?s={search_term_string}\"},\"query-input\":{\"@type\":\"PropertyValueSpecification\",\"valueRequired\":true,\"valueName\":\"search_term_string\"}}],\"inLanguage\":\"fr-FR\"},{\"@type\":\"Organization\",\"@id\":\"http:\/\/expressionspromoproducts.com\/fr\/#organization\",\"name\":\"Expressions Products\",\"url\":\"http:\/\/expressionspromoproducts.com\/fr\/\",\"logo\":{\"@type\":\"ImageObject\",\"inLanguage\":\"fr-FR\",\"@id\":\"http:\/\/expressionspromoproducts.com\/fr\/#\/schema\/logo\/image\/\",\"url\":\"https:\/\/expressionspromoproducts.com\/wp-content\/uploads\/2023\/11\/expressions-logo.png\",\"contentUrl\":\"https:\/\/expressionspromoproducts.com\/wp-content\/uploads\/2023\/11\/expressions-logo.png\",\"width\":322,\"height\":43,\"caption\":\"Expressions Products\"},\"image\":{\"@id\":\"http:\/\/expressionspromoproducts.com\/fr\/#\/schema\/logo\/image\/\"}}]}<\/script>\n<!-- \/ Yoast SEO plugin. -->","yoast_head_json":{"title":"Rosette personnalis\u00e9e : PR-38 | Expressions Products","robots":{"index":"index","follow":"follow","max-snippet":"max-snippet:-1","max-image-preview":"max-image-preview:large","max-video-preview":"max-video-preview:-1"},"canonical":"https:\/\/expressionspromoproducts.com\/fr\/produit\/rosette-personnalisee-pr-38\/","og_locale":"fr_FR","og_type":"article","og_title":"Rosette personnalis\u00e9e : PR-38 | Expressions Products","og_description":"STYLE\u00a0: PR-38 Rosette personnalis\u00e9e Rosette pliss\u00e9e de 9,5 cm avec trois rubans de 20 cm de long. Bouton imprim\u00e9 de 5,7 cm Logo imprim\u00e9 sur le ruban central (en option) \u2013 suppl\u00e9ment  Contactez le service client\u00e8le pour conna\u00eetre les prix actuels","og_url":"https:\/\/expressionspromoproducts.com\/fr\/produit\/rosette-personnalisee-pr-38\/","og_site_name":"Expressions Products","article_modified_time":"2026-01-26T09:59:24+00:00","og_image":[{"width":600,"height":600,"url":"https:\/\/expressionspromoproducts.com\/wp-content\/uploads\/2026\/01\/Rosettes1-600x600-1.jpg","type":"image\/jpeg"}],"twitter_card":"summary_large_image","twitter_misc":{"Est. reading time":"1 minute"},"schema":{"@context":"https:\/\/schema.org","@graph":[{"@type":"WebPage","@id":"https:\/\/expressionspromoproducts.com\/fr\/produit\/rosette-personnalisee-pr-38\/","url":"https:\/\/expressionspromoproducts.com\/fr\/produit\/rosette-personnalisee-pr-38\/","name":"Rosette personnalis\u00e9e : PR-38 | Expressions Products","isPartOf":{"@id":"http:\/\/expressionspromoproducts.com\/fr\/#website"},"primaryImageOfPage":{"@id":"https:\/\/expressionspromoproducts.com\/fr\/produit\/rosette-personnalisee-pr-38\/#primaryimage"},"image":{"@id":"https:\/\/expressionspromoproducts.com\/fr\/produit\/rosette-personnalisee-pr-38\/#primaryimage"},"thumbnailUrl":"https:\/\/expressionspromoproducts.com\/wp-content\/uploads\/2026\/01\/Rosettes1-600x600-1.jpg","datePublished":"2026-01-26T09:51:17+00:00","dateModified":"2026-01-26T09:59:24+00:00","breadcrumb":{"@id":"https:\/\/expressionspromoproducts.com\/fr\/produit\/rosette-personnalisee-pr-38\/#breadcrumb"},"inLanguage":"fr-FR","potentialAction":[{"@type":"ReadAction","target":["https:\/\/expressionspromoproducts.com\/fr\/produit\/rosette-personnalisee-pr-38\/"]}]},{"@type":"ImageObject","inLanguage":"fr-FR","@id":"https:\/\/expressionspromoproducts.com\/fr\/produit\/rosette-personnalisee-pr-38\/#primaryimage","url":"https:\/\/expressionspromoproducts.com\/wp-content\/uploads\/2026\/01\/Rosettes1-600x600-1.jpg","contentUrl":"https:\/\/expressionspromoproducts.com\/wp-content\/uploads\/2026\/01\/Rosettes1-600x600-1.jpg","width":600,"height":600},{"@type":"BreadcrumbList","@id":"https:\/\/expressionspromoproducts.com\/fr\/produit\/rosette-personnalisee-pr-38\/#breadcrumb","itemListElement":[{"@type":"ListItem","position":1,"name":"Home","item":"https:\/\/expressionspromoproducts.com\/fr\/"},{"@type":"ListItem","position":2,"name":"Boutique","item":"http:\/\/expressionspromoproducts.com\/fr\/boutique\/"},{"@type":"ListItem","position":3,"name":"Rosette personnalis\u00e9e : PR-38"}]},{"@type":"WebSite","@id":"http:\/\/expressionspromoproducts.com\/fr\/#website","url":"http:\/\/expressionspromoproducts.com\/fr\/","name":"Expressions Products Inc","description":"","publisher":{"@id":"http:\/\/expressionspromoproducts.com\/fr\/#organization"},"potentialAction":[{"@type":"SearchAction","target":{"@type":"EntryPoint","urlTemplate":"http:\/\/expressionspromoproducts.com\/fr\/?s={search_term_string}"},"query-input":{"@type":"PropertyValueSpecification","valueRequired":true,"valueName":"search_term_string"}}],"inLanguage":"fr-FR"},{"@type":"Organization","@id":"http:\/\/expressionspromoproducts.com\/fr\/#organization","name":"Expressions Products","url":"http:\/\/expressionspromoproducts.com\/fr\/","logo":{"@type":"ImageObject","inLanguage":"fr-FR","@id":"http:\/\/expressionspromoproducts.com\/fr\/#\/schema\/logo\/image\/","url":"https:\/\/expressionspromoproducts.com\/wp-content\/uploads\/2023\/11\/expressions-logo.png","contentUrl":"https:\/\/expressionspromoproducts.com\/wp-content\/uploads\/2023\/11\/expressions-logo.png","width":322,"height":43,"caption":"Expressions Products"},"image":{"@id":"http:\/\/expressionspromoproducts.com\/fr\/#\/schema\/logo\/image\/"}}]}},"_links":{"self":[{"href":"https:\/\/expressionspromoproducts.com\/fr\/wp-json\/wp\/v2\/product\/9287","targetHints":{"allow":["GET"]}}],"collection":[{"href":"https:\/\/expressionspromoproducts.com\/fr\/wp-json\/wp\/v2\/product"}],"about":[{"href":"https:\/\/expressionspromoproducts.com\/fr\/wp-json\/wp\/v2\/types\/product"}],"version-history":[{"count":3,"href":"https:\/\/expressionspromoproducts.com\/fr\/wp-json\/wp\/v2\/product\/9287\/revisions"}],"predecessor-version":[{"id":9294,"href":"https:\/\/expressionspromoproducts.com\/fr\/wp-json\/wp\/v2\/product\/9287\/revisions\/9294"}],"wp:featuredmedia":[{"embeddable":true,"href":"https:\/\/expressionspromoproducts.com\/fr\/wp-json\/wp\/v2\/media\/9289"}],"wp:attachment":[{"href":"https:\/\/expressionspromoproducts.com\/fr\/wp-json\/wp\/v2\/media?parent=9287"}],"wp:term":[{"taxonomy":"product_cat","embeddable":true,"href":"https:\/\/expressionspromoproducts.com\/fr\/wp-json\/wp\/v2\/product_cat?post=9287"},{"taxonomy":"product_tag","embeddable":true,"href":"https:\/\/expressionspromoproducts.com\/fr\/wp-json\/wp\/v2\/product_tag?post=9287"}],"curies":[{"name":"wp","href":"https:\/\/api.w.org\/{rel}","templated":true}]}}